{"id":23295,"date":"2023-07-28T14:36:02","date_gmt":"2023-07-28T17:36:02","guid":{"rendered":"https:\/\/probelle.com.br\/produto\/kit-shampoo-condicionador-450ml-3\/"},"modified":"2025-02-10T15:51:34","modified_gmt":"2025-02-10T18:51:34","slug":"kit-shampoo-condicionador-500ml-cachos-ostentacao","status":"publish","type":"product","link":"https:\/\/probelle.com.br\/en\/produto\/kit-shampoo-condicionador-500ml-cachos-ostentacao\/","title":{"rendered":"KIT Shampoo + Condicionador 500mL Cachos Ostenta\u00e7\u00e3o"},"content":{"rendered":"<p>Extraordin\u00e1rio Shampoo de Limpeza delicada e suave, com efeito brilho espelhado e movimento natural. Foi especialmente desenvolvida para garantir o fortalecimento, hidrata\u00e7\u00e3o e controle de frizz dos cabelos ondulados e cacheados do tipo 2B e 2C e 3A, 3B e 3C. F\u00f3rmula sofisticada e luxuosa com a\u00e7\u00e3o energizante, doa sedosidade e nutri\u00e7\u00e3o, combate o ressecamento. Esse produto ainda permite que voc\u00ea d\u00ea aos fios uma dose de brilho extra e mais volume nos cachos gra\u00e7as ao poder dos seus 6 \u00d3leos.<\/p>\n","protected":false},"excerpt":{"rendered":"<p>Ostenta\u00e7\u00e3o de verdade \u00e9 ter um Black com m\u00e1ximo volume com uma linha que cuida dos seus cachos para voc\u00ea sentir ainda mais Super Bonita. Para cabelos tipo 2B, 2C, 3A, 3B e 3C.<\/p>\n","protected":false},"featured_media":25234,"template":"","meta":{"_joinchat":[]},"product_brand":[],"product_cat":[311],"product_tag":[594],"class_list":{"0":"post-23295","1":"product","2":"type-product","3":"status-publish","4":"has-post-thumbnail","6":"product_cat-super-bonita","7":"product_tag-produtos-probelle","9":"first","10":"outofstock","11":"shipping-taxable","12":"purchasable","13":"product-type-simple"},"yoast_head":"<!-- This site is optimized with the Yoast SEO Premium plugin v23.5 (Yoast SEO v26.5) - https:\/\/yoast.com\/wordpress\/plugins\/seo\/ -->\n<title>KIT Shampoo + Condicionador 500mL Cachos Ostenta\u00e7\u00e3o ~ Probelle Cosm\u00e9ticos<\/title>\n<meta name=\"description\" content=\"Ostenta\u00e7\u00e3o de verdade \u00e9 ter um Black com m\u00e1ximo volume com uma linha que cuida dos seus cachos para voc\u00ea sentir ainda mais Super Bonita. Para cabelos tipo 2B, 2C, 3A, 3B e 3C.\" \/>\n<meta name=\"robots\" content=\"index, follow, max-snippet:-1, max-image-preview:large, max-video-preview:-1\" \/>\n<link rel=\"canonical\" href=\"https:\/\/probelle.com.br\/en\/produto\/kit-shampoo-condicionador-500ml-cachos-ostentacao\/\" \/>\n<meta property=\"og:locale\" content=\"en_US\" \/>\n<meta property=\"og:type\" content=\"article\" \/>\n<meta property=\"og:title\" content=\"KIT Shampoo + Condicionador 500mL Cachos Ostenta\u00e7\u00e3o\" \/>\n<meta property=\"og:description\" content=\"Ostenta\u00e7\u00e3o de verdade \u00e9 ter um Black com m\u00e1ximo volume com uma linha que cuida dos seus cachos para voc\u00ea sentir ainda mais Super Bonita. Para cabelos tipo 2B, 2C, 3A, 3B e 3C.\" \/>\n<meta property=\"og:url\" content=\"https:\/\/probelle.com.br\/en\/produto\/kit-shampoo-condicionador-500ml-cachos-ostentacao\/\" \/>\n<meta property=\"og:site_name\" content=\"Probelle Cosm\u00e9ticos\" \/>\n<meta property=\"article:publisher\" content=\"https:\/\/www.facebook.com\/probelle\/\" \/>\n<meta property=\"article:modified_time\" content=\"2025-02-10T18:51:34+00:00\" \/>\n<meta property=\"og:image\" content=\"https:\/\/probelle.com.br\/wp-content\/uploads\/2023\/07\/Kit-Super-Bonita-Cachos-Ostentacao.jpg\" \/>\n\t<meta property=\"og:image:width\" content=\"800\" \/>\n\t<meta property=\"og:image:height\" content=\"800\" \/>\n\t<meta property=\"og:image:type\" content=\"image\/jpeg\" \/>\n<meta name=\"twitter:card\" content=\"summary_large_image\" \/>\n<meta name=\"twitter:label1\" content=\"Est. reading time\" \/>\n\t<meta name=\"twitter:data1\" content=\"1 minute\" \/>\n<script type=\"application\/ld+json\" class=\"yoast-schema-graph\">{\"@context\":\"https:\/\/schema.org\",\"@graph\":[{\"@type\":\"WebPage\",\"@id\":\"https:\/\/probelle.com.br\/en\/produto\/kit-shampoo-condicionador-500ml-cachos-ostentacao\/\",\"url\":\"https:\/\/probelle.com.br\/en\/produto\/kit-shampoo-condicionador-500ml-cachos-ostentacao\/\",\"name\":\"KIT Shampoo + Condicionador 500mL Cachos Ostenta\u00e7\u00e3o ~ Probelle Cosm\u00e9ticos\",\"isPartOf\":{\"@id\":\"https:\/\/probelle.com.br\/en\/#website\"},\"primaryImageOfPage\":{\"@id\":\"https:\/\/probelle.com.br\/en\/produto\/kit-shampoo-condicionador-500ml-cachos-ostentacao\/#primaryimage\"},\"image\":{\"@id\":\"https:\/\/probelle.com.br\/en\/produto\/kit-shampoo-condicionador-500ml-cachos-ostentacao\/#primaryimage\"},\"thumbnailUrl\":\"https:\/\/probelle.com.br\/wp-content\/uploads\/2023\/07\/Kit-Super-Bonita-Cachos-Ostentacao.jpg\",\"datePublished\":\"2023-07-28T17:36:02+00:00\",\"dateModified\":\"2025-02-10T18:51:34+00:00\",\"description\":\"Ostenta\u00e7\u00e3o de verdade \u00e9 ter um Black com m\u00e1ximo volume com uma linha que cuida dos seus cachos para voc\u00ea sentir ainda mais Super Bonita. Para cabelos tipo 2B, 2C, 3A, 3B e 3C.\",\"breadcrumb\":{\"@id\":\"https:\/\/probelle.com.br\/en\/produto\/kit-shampoo-condicionador-500ml-cachos-ostentacao\/#breadcrumb\"},\"inLanguage\":\"en-US\",\"potentialAction\":[{\"@type\":\"ReadAction\",\"target\":[\"https:\/\/probelle.com.br\/en\/produto\/kit-shampoo-condicionador-500ml-cachos-ostentacao\/\"]}]},{\"@type\":\"ImageObject\",\"inLanguage\":\"en-US\",\"@id\":\"https:\/\/probelle.com.br\/en\/produto\/kit-shampoo-condicionador-500ml-cachos-ostentacao\/#primaryimage\",\"url\":\"https:\/\/probelle.com.br\/wp-content\/uploads\/2023\/07\/Kit-Super-Bonita-Cachos-Ostentacao.jpg\",\"contentUrl\":\"https:\/\/probelle.com.br\/wp-content\/uploads\/2023\/07\/Kit-Super-Bonita-Cachos-Ostentacao.jpg\",\"width\":800,\"height\":800},{\"@type\":\"BreadcrumbList\",\"@id\":\"https:\/\/probelle.com.br\/en\/produto\/kit-shampoo-condicionador-500ml-cachos-ostentacao\/#breadcrumb\",\"itemListElement\":[{\"@type\":\"ListItem\",\"position\":1,\"name\":\"Home\",\"item\":\"https:\/\/probelle.com.br\/en\/\"},{\"@type\":\"ListItem\",\"position\":2,\"name\":\"Loja\",\"item\":\"https:\/\/probelle.com.br\/loja\/\"},{\"@type\":\"ListItem\",\"position\":3,\"name\":\"KIT Shampoo + Condicionador 500mL Cachos Ostenta\u00e7\u00e3o\"}]},{\"@type\":\"WebSite\",\"@id\":\"https:\/\/probelle.com.br\/en\/#website\",\"url\":\"https:\/\/probelle.com.br\/en\/\",\"name\":\"Probelle Cosm\u00e9ticos\",\"description\":\"Todo mundo tem em casa.\",\"publisher\":{\"@id\":\"https:\/\/probelle.com.br\/en\/#organization\"},\"potentialAction\":[{\"@type\":\"SearchAction\",\"target\":{\"@type\":\"EntryPoint\",\"urlTemplate\":\"https:\/\/probelle.com.br\/en\/?s={search_term_string}\"},\"query-input\":{\"@type\":\"PropertyValueSpecification\",\"valueRequired\":true,\"valueName\":\"search_term_string\"}}],\"inLanguage\":\"en-US\"},{\"@type\":\"Organization\",\"@id\":\"https:\/\/probelle.com.br\/en\/#organization\",\"name\":\"Probelle Cosm\u00e9ticos\",\"url\":\"https:\/\/probelle.com.br\/en\/\",\"logo\":{\"@type\":\"ImageObject\",\"inLanguage\":\"en-US\",\"@id\":\"https:\/\/probelle.com.br\/en\/#\/schema\/logo\/image\/\",\"url\":\"https:\/\/probelle.com.br\/wp-content\/uploads\/2022\/08\/Para-o-sitee.jpg\",\"contentUrl\":\"https:\/\/probelle.com.br\/wp-content\/uploads\/2022\/08\/Para-o-sitee.jpg\",\"width\":1000,\"height\":750,\"caption\":\"Probelle Cosm\u00e9ticos\"},\"image\":{\"@id\":\"https:\/\/probelle.com.br\/en\/#\/schema\/logo\/image\/\"},\"sameAs\":[\"https:\/\/www.facebook.com\/probelle\/\",\"https:\/\/www.instagram.com\/probellecosmeticos\/\",\"https:\/\/www.youtube.com\/c\/ProbelleCosm\u00e9ticos\/\",\"https:\/\/br.linkedin.com\/company\/probellecosmeticos\",\"https:\/\/br.pinterest.com\/probellecosmeticos\/\"]}]}<\/script>\n<!-- \/ Yoast SEO Premium plugin. -->","yoast_head_json":{"title":"KIT Shampoo + Condicionador 500mL Cachos Ostenta\u00e7\u00e3o ~ Probelle Cosm\u00e9ticos","description":"Ostenta\u00e7\u00e3o de verdade \u00e9 ter um Black com m\u00e1ximo volume com uma linha que cuida dos seus cachos para voc\u00ea sentir ainda mais Super Bonita. Para cabelos tipo 2B, 2C, 3A, 3B e 3C.","robots":{"index":"index","follow":"follow","max-snippet":"max-snippet:-1","max-image-preview":"max-image-preview:large","max-video-preview":"max-video-preview:-1"},"canonical":"https:\/\/probelle.com.br\/en\/produto\/kit-shampoo-condicionador-500ml-cachos-ostentacao\/","og_locale":"en_US","og_type":"article","og_title":"KIT Shampoo + Condicionador 500mL Cachos Ostenta\u00e7\u00e3o","og_description":"Ostenta\u00e7\u00e3o de verdade \u00e9 ter um Black com m\u00e1ximo volume com uma linha que cuida dos seus cachos para voc\u00ea sentir ainda mais Super Bonita. Para cabelos tipo 2B, 2C, 3A, 3B e 3C.","og_url":"https:\/\/probelle.com.br\/en\/produto\/kit-shampoo-condicionador-500ml-cachos-ostentacao\/","og_site_name":"Probelle Cosm\u00e9ticos","article_publisher":"https:\/\/www.facebook.com\/probelle\/","article_modified_time":"2025-02-10T18:51:34+00:00","og_image":[{"width":800,"height":800,"url":"https:\/\/probelle.com.br\/wp-content\/uploads\/2023\/07\/Kit-Super-Bonita-Cachos-Ostentacao.jpg","type":"image\/jpeg"}],"twitter_card":"summary_large_image","twitter_misc":{"Est. reading time":"1 minute"},"schema":{"@context":"https:\/\/schema.org","@graph":[{"@type":"WebPage","@id":"https:\/\/probelle.com.br\/en\/produto\/kit-shampoo-condicionador-500ml-cachos-ostentacao\/","url":"https:\/\/probelle.com.br\/en\/produto\/kit-shampoo-condicionador-500ml-cachos-ostentacao\/","name":"KIT Shampoo + Condicionador 500mL Cachos Ostenta\u00e7\u00e3o ~ Probelle Cosm\u00e9ticos","isPartOf":{"@id":"https:\/\/probelle.com.br\/en\/#website"},"primaryImageOfPage":{"@id":"https:\/\/probelle.com.br\/en\/produto\/kit-shampoo-condicionador-500ml-cachos-ostentacao\/#primaryimage"},"image":{"@id":"https:\/\/probelle.com.br\/en\/produto\/kit-shampoo-condicionador-500ml-cachos-ostentacao\/#primaryimage"},"thumbnailUrl":"https:\/\/probelle.com.br\/wp-content\/uploads\/2023\/07\/Kit-Super-Bonita-Cachos-Ostentacao.jpg","datePublished":"2023-07-28T17:36:02+00:00","dateModified":"2025-02-10T18:51:34+00:00","description":"Ostenta\u00e7\u00e3o de verdade \u00e9 ter um Black com m\u00e1ximo volume com uma linha que cuida dos seus cachos para voc\u00ea sentir ainda mais Super Bonita. Para cabelos tipo 2B, 2C, 3A, 3B e 3C.","breadcrumb":{"@id":"https:\/\/probelle.com.br\/en\/produto\/kit-shampoo-condicionador-500ml-cachos-ostentacao\/#breadcrumb"},"inLanguage":"en-US","potentialAction":[{"@type":"ReadAction","target":["https:\/\/probelle.com.br\/en\/produto\/kit-shampoo-condicionador-500ml-cachos-ostentacao\/"]}]},{"@type":"ImageObject","inLanguage":"en-US","@id":"https:\/\/probelle.com.br\/en\/produto\/kit-shampoo-condicionador-500ml-cachos-ostentacao\/#primaryimage","url":"https:\/\/probelle.com.br\/wp-content\/uploads\/2023\/07\/Kit-Super-Bonita-Cachos-Ostentacao.jpg","contentUrl":"https:\/\/probelle.com.br\/wp-content\/uploads\/2023\/07\/Kit-Super-Bonita-Cachos-Ostentacao.jpg","width":800,"height":800},{"@type":"BreadcrumbList","@id":"https:\/\/probelle.com.br\/en\/produto\/kit-shampoo-condicionador-500ml-cachos-ostentacao\/#breadcrumb","itemListElement":[{"@type":"ListItem","position":1,"name":"Home","item":"https:\/\/probelle.com.br\/en\/"},{"@type":"ListItem","position":2,"name":"Loja","item":"https:\/\/probelle.com.br\/loja\/"},{"@type":"ListItem","position":3,"name":"KIT Shampoo + Condicionador 500mL Cachos Ostenta\u00e7\u00e3o"}]},{"@type":"WebSite","@id":"https:\/\/probelle.com.br\/en\/#website","url":"https:\/\/probelle.com.br\/en\/","name":"Probelle Cosm\u00e9ticos","description":"Todo mundo tem em casa.","publisher":{"@id":"https:\/\/probelle.com.br\/en\/#organization"},"potentialAction":[{"@type":"SearchAction","target":{"@type":"EntryPoint","urlTemplate":"https:\/\/probelle.com.br\/en\/?s={search_term_string}"},"query-input":{"@type":"PropertyValueSpecification","valueRequired":true,"valueName":"search_term_string"}}],"inLanguage":"en-US"},{"@type":"Organization","@id":"https:\/\/probelle.com.br\/en\/#organization","name":"Probelle Cosm\u00e9ticos","url":"https:\/\/probelle.com.br\/en\/","logo":{"@type":"ImageObject","inLanguage":"en-US","@id":"https:\/\/probelle.com.br\/en\/#\/schema\/logo\/image\/","url":"https:\/\/probelle.com.br\/wp-content\/uploads\/2022\/08\/Para-o-sitee.jpg","contentUrl":"https:\/\/probelle.com.br\/wp-content\/uploads\/2022\/08\/Para-o-sitee.jpg","width":1000,"height":750,"caption":"Probelle Cosm\u00e9ticos"},"image":{"@id":"https:\/\/probelle.com.br\/en\/#\/schema\/logo\/image\/"},"sameAs":["https:\/\/www.facebook.com\/probelle\/","https:\/\/www.instagram.com\/probellecosmeticos\/","https:\/\/www.youtube.com\/c\/ProbelleCosm\u00e9ticos\/","https:\/\/br.linkedin.com\/company\/probellecosmeticos","https:\/\/br.pinterest.com\/probellecosmeticos\/"]}]}},"_links":{"self":[{"href":"https:\/\/probelle.com.br\/en\/wp-json\/wp\/v2\/product\/23295","targetHints":{"allow":["GET"]}}],"collection":[{"href":"https:\/\/probelle.com.br\/en\/wp-json\/wp\/v2\/product"}],"about":[{"href":"https:\/\/probelle.com.br\/en\/wp-json\/wp\/v2\/types\/product"}],"wp:featuredmedia":[{"embeddable":true,"href":"https:\/\/probelle.com.br\/en\/wp-json\/wp\/v2\/media\/25234"}],"wp:attachment":[{"href":"https:\/\/probelle.com.br\/en\/wp-json\/wp\/v2\/media?parent=23295"}],"wp:term":[{"taxonomy":"product_brand","embeddable":true,"href":"https:\/\/probelle.com.br\/en\/wp-json\/wp\/v2\/product_brand?post=23295"},{"taxonomy":"product_cat","embeddable":true,"href":"https:\/\/probelle.com.br\/en\/wp-json\/wp\/v2\/product_cat?post=23295"},{"taxonomy":"product_tag","embeddable":true,"href":"https:\/\/probelle.com.br\/en\/wp-json\/wp\/v2\/product_tag?post=23295"}],"curies":[{"name":"wp","href":"https:\/\/api.w.org\/{rel}","templated":true}]}}