{"id":23109,"date":"2023-07-28T14:35:15","date_gmt":"2023-07-28T17:35:15","guid":{"rendered":"https:\/\/probelle.com.br\/produto\/po-descolorante-perolado-12-x-50g\/"},"modified":"2025-12-02T22:43:46","modified_gmt":"2025-12-03T01:43:46","slug":"po-descolorante-perolado-12-x-50g","status":"publish","type":"product","link":"https:\/\/probelle.com.br\/en\/produto\/po-descolorante-perolado-12-x-50g\/","title":{"rendered":"P\u00f3 descolorante Perolado 12 x 50g"},"content":{"rendered":"<p>O P\u00f3 Descolorante Perolado 12 x 50g \u00e9 formulado com uma combina\u00e7\u00e3o de ingredientes que ajudam a minimizar as agress\u00f5es causadas pelo processo de descolora\u00e7\u00e3o, auxiliando na maciez e condicionamento para loiro perolado. Sua textura rica e emoliente minimiza os efeitos do ressecamento, protegendo dos danos. O p\u00f3 \u00e9 especialmente desenvolvido <span class=\"citation-0 citation-end-0\">para ser usado em todos os processos de descolora\u00e7\u00e3o e qualquer t\u00e9cnica de clareamento, sem danificar a estrutura capilar.<\/span><\/p>\n","protected":false},"excerpt":{"rendered":"<p>O P\u00f3 Descolorante Perolado 12 x 50g \u00e9 um produto de alta qualidade que vai ajudar voc\u00ea a clarear seus cabelos sem danific\u00e1-los.<\/p>\n","protected":false},"featured_media":23983,"template":"","meta":{"_joinchat":[]},"product_brand":[],"product_cat":[216,601],"product_tag":[594],"class_list":{"0":"post-23109","1":"product","2":"type-product","3":"status-publish","4":"has-post-thumbnail","6":"product_cat-descolorantes","7":"product_cat-loiros","8":"product_tag-produtos-probelle","10":"first","11":"outofstock","12":"shipping-taxable","13":"purchasable","14":"product-type-simple"},"yoast_head":"<!-- This site is optimized with the Yoast SEO Premium plugin v23.5 (Yoast SEO v26.5) - https:\/\/yoast.com\/wordpress\/plugins\/seo\/ -->\n<title>P\u00f3 descolorante Perolado 12 x 50g ~ Probelle Cosm\u00e9ticos<\/title>\n<meta name=\"description\" content=\"P\u00f3 Descolorante Perolado 12 x 50g, clareamento de cabelos, prote\u00e7\u00e3o dos danos, maciez, condicionamento, loiro perolado, textura rica e emoliente, minimiza os efeitos do ressecamento, ingredientes que ajudam a minimizar as agress\u00f5es causadas pelo processo de descolora\u00e7\u00e3o.\" \/>\n<meta name=\"robots\" content=\"index, follow, max-snippet:-1, max-image-preview:large, max-video-preview:-1\" \/>\n<link rel=\"canonical\" href=\"https:\/\/probelle.com.br\/en\/produto\/po-descolorante-perolado-12-x-50g\/\" \/>\n<meta property=\"og:locale\" content=\"en_US\" \/>\n<meta property=\"og:type\" content=\"article\" \/>\n<meta property=\"og:title\" content=\"P\u00f3 descolorante Perolado 12 x 50g\" \/>\n<meta property=\"og:description\" content=\"P\u00f3 Descolorante Perolado 12 x 50g, clareamento de cabelos, prote\u00e7\u00e3o dos danos, maciez, condicionamento, loiro perolado, textura rica e emoliente, minimiza os efeitos do ressecamento, ingredientes que ajudam a minimizar as agress\u00f5es causadas pelo processo de descolora\u00e7\u00e3o.\" \/>\n<meta property=\"og:url\" content=\"https:\/\/probelle.com.br\/en\/produto\/po-descolorante-perolado-12-x-50g\/\" \/>\n<meta property=\"og:site_name\" content=\"Probelle Cosm\u00e9ticos\" \/>\n<meta property=\"article:publisher\" content=\"https:\/\/www.facebook.com\/probelle\/\" \/>\n<meta property=\"article:modified_time\" content=\"2025-12-03T01:43:46+00:00\" \/>\n<meta property=\"og:image\" content=\"https:\/\/probelle.com.br\/wp-content\/uploads\/2023\/07\/cartucho-perola-50-sache.jpg\" \/>\n\t<meta property=\"og:image:width\" content=\"1024\" \/>\n\t<meta property=\"og:image:height\" content=\"1024\" \/>\n\t<meta property=\"og:image:type\" content=\"image\/jpeg\" \/>\n<meta name=\"twitter:card\" content=\"summary_large_image\" \/>\n<meta name=\"twitter:label1\" content=\"Est. reading time\" \/>\n\t<meta name=\"twitter:data1\" content=\"1 minute\" \/>\n<script type=\"application\/ld+json\" class=\"yoast-schema-graph\">{\"@context\":\"https:\/\/schema.org\",\"@graph\":[{\"@type\":\"WebPage\",\"@id\":\"https:\/\/probelle.com.br\/en\/produto\/po-descolorante-perolado-12-x-50g\/\",\"url\":\"https:\/\/probelle.com.br\/en\/produto\/po-descolorante-perolado-12-x-50g\/\",\"name\":\"P\u00f3 descolorante Perolado 12 x 50g ~ Probelle Cosm\u00e9ticos\",\"isPartOf\":{\"@id\":\"https:\/\/probelle.com.br\/en\/#website\"},\"primaryImageOfPage\":{\"@id\":\"https:\/\/probelle.com.br\/en\/produto\/po-descolorante-perolado-12-x-50g\/#primaryimage\"},\"image\":{\"@id\":\"https:\/\/probelle.com.br\/en\/produto\/po-descolorante-perolado-12-x-50g\/#primaryimage\"},\"thumbnailUrl\":\"https:\/\/probelle.com.br\/wp-content\/uploads\/2023\/07\/cartucho-perola-50-sache.jpg\",\"datePublished\":\"2023-07-28T17:35:15+00:00\",\"dateModified\":\"2025-12-03T01:43:46+00:00\",\"description\":\"P\u00f3 Descolorante Perolado 12 x 50g, clareamento de cabelos, prote\u00e7\u00e3o dos danos, maciez, condicionamento, loiro perolado, textura rica e emoliente, minimiza os efeitos do ressecamento, ingredientes que ajudam a minimizar as agress\u00f5es causadas pelo processo de descolora\u00e7\u00e3o.\",\"breadcrumb\":{\"@id\":\"https:\/\/probelle.com.br\/en\/produto\/po-descolorante-perolado-12-x-50g\/#breadcrumb\"},\"inLanguage\":\"en-US\",\"potentialAction\":[{\"@type\":\"ReadAction\",\"target\":[\"https:\/\/probelle.com.br\/en\/produto\/po-descolorante-perolado-12-x-50g\/\"]}]},{\"@type\":\"ImageObject\",\"inLanguage\":\"en-US\",\"@id\":\"https:\/\/probelle.com.br\/en\/produto\/po-descolorante-perolado-12-x-50g\/#primaryimage\",\"url\":\"https:\/\/probelle.com.br\/wp-content\/uploads\/2023\/07\/cartucho-perola-50-sache.jpg\",\"contentUrl\":\"https:\/\/probelle.com.br\/wp-content\/uploads\/2023\/07\/cartucho-perola-50-sache.jpg\",\"width\":1024,\"height\":1024},{\"@type\":\"BreadcrumbList\",\"@id\":\"https:\/\/probelle.com.br\/en\/produto\/po-descolorante-perolado-12-x-50g\/#breadcrumb\",\"itemListElement\":[{\"@type\":\"ListItem\",\"position\":1,\"name\":\"Home\",\"item\":\"https:\/\/probelle.com.br\/en\/\"},{\"@type\":\"ListItem\",\"position\":2,\"name\":\"Loja\",\"item\":\"https:\/\/probelle.com.br\/loja\/\"},{\"@type\":\"ListItem\",\"position\":3,\"name\":\"P\u00f3 descolorante Perolado 12 x 50g\"}]},{\"@type\":\"WebSite\",\"@id\":\"https:\/\/probelle.com.br\/en\/#website\",\"url\":\"https:\/\/probelle.com.br\/en\/\",\"name\":\"Probelle Cosm\u00e9ticos\",\"description\":\"Todo mundo tem em casa.\",\"publisher\":{\"@id\":\"https:\/\/probelle.com.br\/en\/#organization\"},\"potentialAction\":[{\"@type\":\"SearchAction\",\"target\":{\"@type\":\"EntryPoint\",\"urlTemplate\":\"https:\/\/probelle.com.br\/en\/?s={search_term_string}\"},\"query-input\":{\"@type\":\"PropertyValueSpecification\",\"valueRequired\":true,\"valueName\":\"search_term_string\"}}],\"inLanguage\":\"en-US\"},{\"@type\":\"Organization\",\"@id\":\"https:\/\/probelle.com.br\/en\/#organization\",\"name\":\"Probelle Cosm\u00e9ticos\",\"url\":\"https:\/\/probelle.com.br\/en\/\",\"logo\":{\"@type\":\"ImageObject\",\"inLanguage\":\"en-US\",\"@id\":\"https:\/\/probelle.com.br\/en\/#\/schema\/logo\/image\/\",\"url\":\"https:\/\/probelle.com.br\/wp-content\/uploads\/2022\/08\/Para-o-sitee.jpg\",\"contentUrl\":\"https:\/\/probelle.com.br\/wp-content\/uploads\/2022\/08\/Para-o-sitee.jpg\",\"width\":1000,\"height\":750,\"caption\":\"Probelle Cosm\u00e9ticos\"},\"image\":{\"@id\":\"https:\/\/probelle.com.br\/en\/#\/schema\/logo\/image\/\"},\"sameAs\":[\"https:\/\/www.facebook.com\/probelle\/\",\"https:\/\/www.instagram.com\/probellecosmeticos\/\",\"https:\/\/www.youtube.com\/c\/ProbelleCosm\u00e9ticos\/\",\"https:\/\/br.linkedin.com\/company\/probellecosmeticos\",\"https:\/\/br.pinterest.com\/probellecosmeticos\/\"]}]}<\/script>\n<!-- \/ Yoast SEO Premium plugin. -->","yoast_head_json":{"title":"P\u00f3 descolorante Perolado 12 x 50g ~ Probelle Cosm\u00e9ticos","description":"P\u00f3 Descolorante Perolado 12 x 50g, clareamento de cabelos, prote\u00e7\u00e3o dos danos, maciez, condicionamento, loiro perolado, textura rica e emoliente, minimiza os efeitos do ressecamento, ingredientes que ajudam a minimizar as agress\u00f5es causadas pelo processo de descolora\u00e7\u00e3o.","robots":{"index":"index","follow":"follow","max-snippet":"max-snippet:-1","max-image-preview":"max-image-preview:large","max-video-preview":"max-video-preview:-1"},"canonical":"https:\/\/probelle.com.br\/en\/produto\/po-descolorante-perolado-12-x-50g\/","og_locale":"en_US","og_type":"article","og_title":"P\u00f3 descolorante Perolado 12 x 50g","og_description":"P\u00f3 Descolorante Perolado 12 x 50g, clareamento de cabelos, prote\u00e7\u00e3o dos danos, maciez, condicionamento, loiro perolado, textura rica e emoliente, minimiza os efeitos do ressecamento, ingredientes que ajudam a minimizar as agress\u00f5es causadas pelo processo de descolora\u00e7\u00e3o.","og_url":"https:\/\/probelle.com.br\/en\/produto\/po-descolorante-perolado-12-x-50g\/","og_site_name":"Probelle Cosm\u00e9ticos","article_publisher":"https:\/\/www.facebook.com\/probelle\/","article_modified_time":"2025-12-03T01:43:46+00:00","og_image":[{"width":1024,"height":1024,"url":"https:\/\/probelle.com.br\/wp-content\/uploads\/2023\/07\/cartucho-perola-50-sache.jpg","type":"image\/jpeg"}],"twitter_card":"summary_large_image","twitter_misc":{"Est. reading time":"1 minute"},"schema":{"@context":"https:\/\/schema.org","@graph":[{"@type":"WebPage","@id":"https:\/\/probelle.com.br\/en\/produto\/po-descolorante-perolado-12-x-50g\/","url":"https:\/\/probelle.com.br\/en\/produto\/po-descolorante-perolado-12-x-50g\/","name":"P\u00f3 descolorante Perolado 12 x 50g ~ Probelle Cosm\u00e9ticos","isPartOf":{"@id":"https:\/\/probelle.com.br\/en\/#website"},"primaryImageOfPage":{"@id":"https:\/\/probelle.com.br\/en\/produto\/po-descolorante-perolado-12-x-50g\/#primaryimage"},"image":{"@id":"https:\/\/probelle.com.br\/en\/produto\/po-descolorante-perolado-12-x-50g\/#primaryimage"},"thumbnailUrl":"https:\/\/probelle.com.br\/wp-content\/uploads\/2023\/07\/cartucho-perola-50-sache.jpg","datePublished":"2023-07-28T17:35:15+00:00","dateModified":"2025-12-03T01:43:46+00:00","description":"P\u00f3 Descolorante Perolado 12 x 50g, clareamento de cabelos, prote\u00e7\u00e3o dos danos, maciez, condicionamento, loiro perolado, textura rica e emoliente, minimiza os efeitos do ressecamento, ingredientes que ajudam a minimizar as agress\u00f5es causadas pelo processo de descolora\u00e7\u00e3o.","breadcrumb":{"@id":"https:\/\/probelle.com.br\/en\/produto\/po-descolorante-perolado-12-x-50g\/#breadcrumb"},"inLanguage":"en-US","potentialAction":[{"@type":"ReadAction","target":["https:\/\/probelle.com.br\/en\/produto\/po-descolorante-perolado-12-x-50g\/"]}]},{"@type":"ImageObject","inLanguage":"en-US","@id":"https:\/\/probelle.com.br\/en\/produto\/po-descolorante-perolado-12-x-50g\/#primaryimage","url":"https:\/\/probelle.com.br\/wp-content\/uploads\/2023\/07\/cartucho-perola-50-sache.jpg","contentUrl":"https:\/\/probelle.com.br\/wp-content\/uploads\/2023\/07\/cartucho-perola-50-sache.jpg","width":1024,"height":1024},{"@type":"BreadcrumbList","@id":"https:\/\/probelle.com.br\/en\/produto\/po-descolorante-perolado-12-x-50g\/#breadcrumb","itemListElement":[{"@type":"ListItem","position":1,"name":"Home","item":"https:\/\/probelle.com.br\/en\/"},{"@type":"ListItem","position":2,"name":"Loja","item":"https:\/\/probelle.com.br\/loja\/"},{"@type":"ListItem","position":3,"name":"P\u00f3 descolorante Perolado 12 x 50g"}]},{"@type":"WebSite","@id":"https:\/\/probelle.com.br\/en\/#website","url":"https:\/\/probelle.com.br\/en\/","name":"Probelle Cosm\u00e9ticos","description":"Todo mundo tem em casa.","publisher":{"@id":"https:\/\/probelle.com.br\/en\/#organization"},"potentialAction":[{"@type":"SearchAction","target":{"@type":"EntryPoint","urlTemplate":"https:\/\/probelle.com.br\/en\/?s={search_term_string}"},"query-input":{"@type":"PropertyValueSpecification","valueRequired":true,"valueName":"search_term_string"}}],"inLanguage":"en-US"},{"@type":"Organization","@id":"https:\/\/probelle.com.br\/en\/#organization","name":"Probelle Cosm\u00e9ticos","url":"https:\/\/probelle.com.br\/en\/","logo":{"@type":"ImageObject","inLanguage":"en-US","@id":"https:\/\/probelle.com.br\/en\/#\/schema\/logo\/image\/","url":"https:\/\/probelle.com.br\/wp-content\/uploads\/2022\/08\/Para-o-sitee.jpg","contentUrl":"https:\/\/probelle.com.br\/wp-content\/uploads\/2022\/08\/Para-o-sitee.jpg","width":1000,"height":750,"caption":"Probelle Cosm\u00e9ticos"},"image":{"@id":"https:\/\/probelle.com.br\/en\/#\/schema\/logo\/image\/"},"sameAs":["https:\/\/www.facebook.com\/probelle\/","https:\/\/www.instagram.com\/probellecosmeticos\/","https:\/\/www.youtube.com\/c\/ProbelleCosm\u00e9ticos\/","https:\/\/br.linkedin.com\/company\/probellecosmeticos","https:\/\/br.pinterest.com\/probellecosmeticos\/"]}]}},"_links":{"self":[{"href":"https:\/\/probelle.com.br\/en\/wp-json\/wp\/v2\/product\/23109","targetHints":{"allow":["GET"]}}],"collection":[{"href":"https:\/\/probelle.com.br\/en\/wp-json\/wp\/v2\/product"}],"about":[{"href":"https:\/\/probelle.com.br\/en\/wp-json\/wp\/v2\/types\/product"}],"wp:featuredmedia":[{"embeddable":true,"href":"https:\/\/probelle.com.br\/en\/wp-json\/wp\/v2\/media\/23983"}],"wp:attachment":[{"href":"https:\/\/probelle.com.br\/en\/wp-json\/wp\/v2\/media?parent=23109"}],"wp:term":[{"taxonomy":"product_brand","embeddable":true,"href":"https:\/\/probelle.com.br\/en\/wp-json\/wp\/v2\/product_brand?post=23109"},{"taxonomy":"product_cat","embeddable":true,"href":"https:\/\/probelle.com.br\/en\/wp-json\/wp\/v2\/product_cat?post=23109"},{"taxonomy":"product_tag","embeddable":true,"href":"https:\/\/probelle.com.br\/en\/wp-json\/wp\/v2\/product_tag?post=23109"}],"curies":[{"name":"wp","href":"https:\/\/api.w.org\/{rel}","templated":true}]}}