{"id":23108,"date":"2023-07-28T14:35:15","date_gmt":"2023-07-28T17:35:15","guid":{"rendered":"https:\/\/probelle.com.br\/produto\/po-descolorante-diamante-12-x-50g\/"},"modified":"2024-07-03T16:28:51","modified_gmt":"2024-07-03T19:28:51","slug":"po-descolorante-diamante-12-x-50g","status":"publish","type":"product","link":"https:\/\/probelle.com.br\/en\/produto\/po-descolorante-diamante-12-x-50g\/","title":{"rendered":"P\u00f3 descolorante Diamante Platinado 50g &#8211; Caixa com 12"},"content":{"rendered":"<p><strong>P\u00f3 Descolorante Ultra Blond Diamante Platinado: Elevando o Platinado a um Novo N\u00edvel<\/strong><\/p>\n<p>Descubra a perfei\u00e7\u00e3o do loiro platinado com o P\u00f3 Descolorante Ultra Blond Diamante Platinado 300g. Criado com um prop\u00f3sito especial para todos os processos de descolora\u00e7\u00e3o e t\u00e9cnicas de clareamento, este produto \u00fanico n\u00e3o compromete a estrutura capilar, permitindo um platinado deslumbrante.<\/p>\n<p>Nossa f\u00f3rmula foi cuidadosamente desenvolvida para minimizar as agress\u00f5es t\u00edpicas do processo de descolora\u00e7\u00e3o, proporcionando maciez e condicionamento incompar\u00e1veis. A textura rica e emoliente do p\u00f3 descolorante \u00e9 sua defesa contra o ressecamento, mantendo seus fios protegidos e brilhantes.<\/p>\n<p><strong>Destaque do Produto:<\/strong><\/p>\n<ul>\n<li>Beleza Platinada: Alcance o tom platinado perfeito.<\/li>\n<li>Versatilidade em Processos: Ideal para diversas t\u00e9cnicas de clareamento.<\/li>\n<li>Prote\u00e7\u00e3o Capilar: Minimiza as agress\u00f5es do processo de descolora\u00e7\u00e3o.<\/li>\n<li>Maciez e Condicionamento: Proporciona fios macios e bem cuidados.<\/li>\n<li>Textura Rica: Defesa contra o ressecamento, para cabelos protegidos.<\/li>\n<\/ul>\n<p>Eleve a qualidade do seu platinado com o P\u00f3 Descolorante Ultra Blond Diamante Platinado 300g. A excel\u00eancia est\u00e1 nos detalhes, e seus cabelos merecem o melhor.<\/p>\n<p><strong>Dica de Expert:<\/strong> Complemente a aplica\u00e7\u00e3o do p\u00f3 descolorante com produtos de cuidado capilar espec\u00edficos para cabelos platinados. Seu visual ficar\u00e1 impec\u00e1vel.<\/p>\n","protected":false},"excerpt":{"rendered":"<p>O P\u00f3 Descolorante Ultra Blond Diamante Platinado \u00e9 a escolha ideal para atingir um loiro platinado deslumbrante. Sua f\u00f3rmula especial foi desenvolvida para todos os tipos de processos de descolora\u00e7\u00e3o, garantindo resultados sem danificar a estrutura capilar. Al\u00e9m disso, oferece prote\u00e7\u00e3o contra agress\u00f5es, maciez e condicionamento, tudo isso com uma textura rica que combate o ressecamento. Transforme seus cabelos com o brilho do diamante platinado.<\/p>\n","protected":false},"featured_media":23977,"template":"","meta":{"_joinchat":[]},"product_brand":[],"product_cat":[216,601,599,322],"product_tag":[594],"class_list":{"0":"post-23108","1":"product","2":"type-product","3":"status-publish","4":"has-post-thumbnail","6":"product_cat-descolorantes","7":"product_cat-loiros","8":"product_cat-transformacao","9":"product_cat-ultra-blond","10":"product_tag-produtos-probelle","12":"first","13":"instock","14":"shipping-taxable","15":"purchasable","16":"product-type-simple"},"yoast_head":"<!-- This site is optimized with the Yoast SEO Premium plugin v23.5 (Yoast SEO v26.5) - https:\/\/yoast.com\/wordpress\/plugins\/seo\/ -->\n<title>P\u00f3 Descolorante Ultra Blond Diamante Platinado: Loiro Perfeito | Probelle<\/title>\n<meta name=\"description\" content=\"Alcance o loiro platinado dos seus sonhos com o P\u00f3 Descolorante Ultra Blond Diamante Platinado. Prote\u00e7\u00e3o capilar, maciez e condicionamento em um \u00fanico produto. Transforme seus cabelos com resultados deslumbrantes. Experimente agora!\" \/>\n<meta name=\"robots\" content=\"index, follow, max-snippet:-1, max-image-preview:large, max-video-preview:-1\" \/>\n<link rel=\"canonical\" href=\"https:\/\/probelle.com.br\/en\/produto\/po-descolorante-diamante-12-x-50g\/\" \/>\n<meta property=\"og:locale\" content=\"en_US\" \/>\n<meta property=\"og:type\" content=\"article\" \/>\n<meta property=\"og:title\" content=\"P\u00f3 descolorante Diamante Platinado 50g - Caixa com 12\" \/>\n<meta property=\"og:description\" content=\"Alcance o loiro platinado dos seus sonhos com o P\u00f3 Descolorante Ultra Blond Diamante Platinado. Prote\u00e7\u00e3o capilar, maciez e condicionamento em um \u00fanico produto. Transforme seus cabelos com resultados deslumbrantes. Experimente agora!\" \/>\n<meta property=\"og:url\" content=\"https:\/\/probelle.com.br\/en\/produto\/po-descolorante-diamante-12-x-50g\/\" \/>\n<meta property=\"og:site_name\" content=\"Probelle Cosm\u00e9ticos\" \/>\n<meta property=\"article:publisher\" content=\"https:\/\/www.facebook.com\/probelle\/\" \/>\n<meta property=\"article:modified_time\" content=\"2024-07-03T19:28:51+00:00\" \/>\n<meta property=\"og:image\" content=\"https:\/\/probelle.com.br\/wp-content\/uploads\/2023\/07\/cartucho-diamante-50-sache.jpg\" \/>\n\t<meta property=\"og:image:width\" content=\"1024\" \/>\n\t<meta property=\"og:image:height\" content=\"1024\" \/>\n\t<meta property=\"og:image:type\" content=\"image\/jpeg\" \/>\n<meta name=\"twitter:card\" content=\"summary_large_image\" \/>\n<meta name=\"twitter:label1\" content=\"Est. reading time\" \/>\n\t<meta name=\"twitter:data1\" content=\"2 minutes\" \/>\n<script type=\"application\/ld+json\" class=\"yoast-schema-graph\">{\"@context\":\"https:\/\/schema.org\",\"@graph\":[{\"@type\":\"WebPage\",\"@id\":\"https:\/\/probelle.com.br\/en\/produto\/po-descolorante-diamante-12-x-50g\/\",\"url\":\"https:\/\/probelle.com.br\/en\/produto\/po-descolorante-diamante-12-x-50g\/\",\"name\":\"P\u00f3 Descolorante Ultra Blond Diamante Platinado: Loiro Perfeito | Probelle\",\"isPartOf\":{\"@id\":\"https:\/\/probelle.com.br\/en\/#website\"},\"primaryImageOfPage\":{\"@id\":\"https:\/\/probelle.com.br\/en\/produto\/po-descolorante-diamante-12-x-50g\/#primaryimage\"},\"image\":{\"@id\":\"https:\/\/probelle.com.br\/en\/produto\/po-descolorante-diamante-12-x-50g\/#primaryimage\"},\"thumbnailUrl\":\"https:\/\/probelle.com.br\/wp-content\/uploads\/2023\/07\/cartucho-diamante-50-sache.jpg\",\"datePublished\":\"2023-07-28T17:35:15+00:00\",\"dateModified\":\"2024-07-03T19:28:51+00:00\",\"description\":\"Alcance o loiro platinado dos seus sonhos com o P\u00f3 Descolorante Ultra Blond Diamante Platinado. Prote\u00e7\u00e3o capilar, maciez e condicionamento em um \u00fanico produto. Transforme seus cabelos com resultados deslumbrantes. Experimente agora!\",\"breadcrumb\":{\"@id\":\"https:\/\/probelle.com.br\/en\/produto\/po-descolorante-diamante-12-x-50g\/#breadcrumb\"},\"inLanguage\":\"en-US\",\"potentialAction\":[{\"@type\":\"ReadAction\",\"target\":[\"https:\/\/probelle.com.br\/en\/produto\/po-descolorante-diamante-12-x-50g\/\"]}]},{\"@type\":\"ImageObject\",\"inLanguage\":\"en-US\",\"@id\":\"https:\/\/probelle.com.br\/en\/produto\/po-descolorante-diamante-12-x-50g\/#primaryimage\",\"url\":\"https:\/\/probelle.com.br\/wp-content\/uploads\/2023\/07\/cartucho-diamante-50-sache.jpg\",\"contentUrl\":\"https:\/\/probelle.com.br\/wp-content\/uploads\/2023\/07\/cartucho-diamante-50-sache.jpg\",\"width\":1024,\"height\":1024},{\"@type\":\"BreadcrumbList\",\"@id\":\"https:\/\/probelle.com.br\/en\/produto\/po-descolorante-diamante-12-x-50g\/#breadcrumb\",\"itemListElement\":[{\"@type\":\"ListItem\",\"position\":1,\"name\":\"Home\",\"item\":\"https:\/\/probelle.com.br\/en\/\"},{\"@type\":\"ListItem\",\"position\":2,\"name\":\"Loja\",\"item\":\"https:\/\/probelle.com.br\/loja\/\"},{\"@type\":\"ListItem\",\"position\":3,\"name\":\"P\u00f3 descolorante Diamante Platinado 50g &#8211; Caixa com 12\"}]},{\"@type\":\"WebSite\",\"@id\":\"https:\/\/probelle.com.br\/en\/#website\",\"url\":\"https:\/\/probelle.com.br\/en\/\",\"name\":\"Probelle Cosm\u00e9ticos\",\"description\":\"Todo mundo tem em casa.\",\"publisher\":{\"@id\":\"https:\/\/probelle.com.br\/en\/#organization\"},\"potentialAction\":[{\"@type\":\"SearchAction\",\"target\":{\"@type\":\"EntryPoint\",\"urlTemplate\":\"https:\/\/probelle.com.br\/en\/?s={search_term_string}\"},\"query-input\":{\"@type\":\"PropertyValueSpecification\",\"valueRequired\":true,\"valueName\":\"search_term_string\"}}],\"inLanguage\":\"en-US\"},{\"@type\":\"Organization\",\"@id\":\"https:\/\/probelle.com.br\/en\/#organization\",\"name\":\"Probelle Cosm\u00e9ticos\",\"url\":\"https:\/\/probelle.com.br\/en\/\",\"logo\":{\"@type\":\"ImageObject\",\"inLanguage\":\"en-US\",\"@id\":\"https:\/\/probelle.com.br\/en\/#\/schema\/logo\/image\/\",\"url\":\"https:\/\/probelle.com.br\/wp-content\/uploads\/2022\/08\/Para-o-sitee.jpg\",\"contentUrl\":\"https:\/\/probelle.com.br\/wp-content\/uploads\/2022\/08\/Para-o-sitee.jpg\",\"width\":1000,\"height\":750,\"caption\":\"Probelle Cosm\u00e9ticos\"},\"image\":{\"@id\":\"https:\/\/probelle.com.br\/en\/#\/schema\/logo\/image\/\"},\"sameAs\":[\"https:\/\/www.facebook.com\/probelle\/\",\"https:\/\/www.instagram.com\/probellecosmeticos\/\",\"https:\/\/www.youtube.com\/c\/ProbelleCosm\u00e9ticos\/\",\"https:\/\/br.linkedin.com\/company\/probellecosmeticos\",\"https:\/\/br.pinterest.com\/probellecosmeticos\/\"]}]}<\/script>\n<!-- \/ Yoast SEO Premium plugin. -->","yoast_head_json":{"title":"P\u00f3 Descolorante Ultra Blond Diamante Platinado: Loiro Perfeito | Probelle","description":"Alcance o loiro platinado dos seus sonhos com o P\u00f3 Descolorante Ultra Blond Diamante Platinado. Prote\u00e7\u00e3o capilar, maciez e condicionamento em um \u00fanico produto. Transforme seus cabelos com resultados deslumbrantes. Experimente agora!","robots":{"index":"index","follow":"follow","max-snippet":"max-snippet:-1","max-image-preview":"max-image-preview:large","max-video-preview":"max-video-preview:-1"},"canonical":"https:\/\/probelle.com.br\/en\/produto\/po-descolorante-diamante-12-x-50g\/","og_locale":"en_US","og_type":"article","og_title":"P\u00f3 descolorante Diamante Platinado 50g - Caixa com 12","og_description":"Alcance o loiro platinado dos seus sonhos com o P\u00f3 Descolorante Ultra Blond Diamante Platinado. Prote\u00e7\u00e3o capilar, maciez e condicionamento em um \u00fanico produto. Transforme seus cabelos com resultados deslumbrantes. Experimente agora!","og_url":"https:\/\/probelle.com.br\/en\/produto\/po-descolorante-diamante-12-x-50g\/","og_site_name":"Probelle Cosm\u00e9ticos","article_publisher":"https:\/\/www.facebook.com\/probelle\/","article_modified_time":"2024-07-03T19:28:51+00:00","og_image":[{"width":1024,"height":1024,"url":"https:\/\/probelle.com.br\/wp-content\/uploads\/2023\/07\/cartucho-diamante-50-sache.jpg","type":"image\/jpeg"}],"twitter_card":"summary_large_image","twitter_misc":{"Est. reading time":"2 minutes"},"schema":{"@context":"https:\/\/schema.org","@graph":[{"@type":"WebPage","@id":"https:\/\/probelle.com.br\/en\/produto\/po-descolorante-diamante-12-x-50g\/","url":"https:\/\/probelle.com.br\/en\/produto\/po-descolorante-diamante-12-x-50g\/","name":"P\u00f3 Descolorante Ultra Blond Diamante Platinado: Loiro Perfeito | Probelle","isPartOf":{"@id":"https:\/\/probelle.com.br\/en\/#website"},"primaryImageOfPage":{"@id":"https:\/\/probelle.com.br\/en\/produto\/po-descolorante-diamante-12-x-50g\/#primaryimage"},"image":{"@id":"https:\/\/probelle.com.br\/en\/produto\/po-descolorante-diamante-12-x-50g\/#primaryimage"},"thumbnailUrl":"https:\/\/probelle.com.br\/wp-content\/uploads\/2023\/07\/cartucho-diamante-50-sache.jpg","datePublished":"2023-07-28T17:35:15+00:00","dateModified":"2024-07-03T19:28:51+00:00","description":"Alcance o loiro platinado dos seus sonhos com o P\u00f3 Descolorante Ultra Blond Diamante Platinado. Prote\u00e7\u00e3o capilar, maciez e condicionamento em um \u00fanico produto. Transforme seus cabelos com resultados deslumbrantes. Experimente agora!","breadcrumb":{"@id":"https:\/\/probelle.com.br\/en\/produto\/po-descolorante-diamante-12-x-50g\/#breadcrumb"},"inLanguage":"en-US","potentialAction":[{"@type":"ReadAction","target":["https:\/\/probelle.com.br\/en\/produto\/po-descolorante-diamante-12-x-50g\/"]}]},{"@type":"ImageObject","inLanguage":"en-US","@id":"https:\/\/probelle.com.br\/en\/produto\/po-descolorante-diamante-12-x-50g\/#primaryimage","url":"https:\/\/probelle.com.br\/wp-content\/uploads\/2023\/07\/cartucho-diamante-50-sache.jpg","contentUrl":"https:\/\/probelle.com.br\/wp-content\/uploads\/2023\/07\/cartucho-diamante-50-sache.jpg","width":1024,"height":1024},{"@type":"BreadcrumbList","@id":"https:\/\/probelle.com.br\/en\/produto\/po-descolorante-diamante-12-x-50g\/#breadcrumb","itemListElement":[{"@type":"ListItem","position":1,"name":"Home","item":"https:\/\/probelle.com.br\/en\/"},{"@type":"ListItem","position":2,"name":"Loja","item":"https:\/\/probelle.com.br\/loja\/"},{"@type":"ListItem","position":3,"name":"P\u00f3 descolorante Diamante Platinado 50g &#8211; Caixa com 12"}]},{"@type":"WebSite","@id":"https:\/\/probelle.com.br\/en\/#website","url":"https:\/\/probelle.com.br\/en\/","name":"Probelle Cosm\u00e9ticos","description":"Todo mundo tem em casa.","publisher":{"@id":"https:\/\/probelle.com.br\/en\/#organization"},"potentialAction":[{"@type":"SearchAction","target":{"@type":"EntryPoint","urlTemplate":"https:\/\/probelle.com.br\/en\/?s={search_term_string}"},"query-input":{"@type":"PropertyValueSpecification","valueRequired":true,"valueName":"search_term_string"}}],"inLanguage":"en-US"},{"@type":"Organization","@id":"https:\/\/probelle.com.br\/en\/#organization","name":"Probelle Cosm\u00e9ticos","url":"https:\/\/probelle.com.br\/en\/","logo":{"@type":"ImageObject","inLanguage":"en-US","@id":"https:\/\/probelle.com.br\/en\/#\/schema\/logo\/image\/","url":"https:\/\/probelle.com.br\/wp-content\/uploads\/2022\/08\/Para-o-sitee.jpg","contentUrl":"https:\/\/probelle.com.br\/wp-content\/uploads\/2022\/08\/Para-o-sitee.jpg","width":1000,"height":750,"caption":"Probelle Cosm\u00e9ticos"},"image":{"@id":"https:\/\/probelle.com.br\/en\/#\/schema\/logo\/image\/"},"sameAs":["https:\/\/www.facebook.com\/probelle\/","https:\/\/www.instagram.com\/probellecosmeticos\/","https:\/\/www.youtube.com\/c\/ProbelleCosm\u00e9ticos\/","https:\/\/br.linkedin.com\/company\/probellecosmeticos","https:\/\/br.pinterest.com\/probellecosmeticos\/"]}]}},"_links":{"self":[{"href":"https:\/\/probelle.com.br\/en\/wp-json\/wp\/v2\/product\/23108","targetHints":{"allow":["GET"]}}],"collection":[{"href":"https:\/\/probelle.com.br\/en\/wp-json\/wp\/v2\/product"}],"about":[{"href":"https:\/\/probelle.com.br\/en\/wp-json\/wp\/v2\/types\/product"}],"wp:featuredmedia":[{"embeddable":true,"href":"https:\/\/probelle.com.br\/en\/wp-json\/wp\/v2\/media\/23977"}],"wp:attachment":[{"href":"https:\/\/probelle.com.br\/en\/wp-json\/wp\/v2\/media?parent=23108"}],"wp:term":[{"taxonomy":"product_brand","embeddable":true,"href":"https:\/\/probelle.com.br\/en\/wp-json\/wp\/v2\/product_brand?post=23108"},{"taxonomy":"product_cat","embeddable":true,"href":"https:\/\/probelle.com.br\/en\/wp-json\/wp\/v2\/product_cat?post=23108"},{"taxonomy":"product_tag","embeddable":true,"href":"https:\/\/probelle.com.br\/en\/wp-json\/wp\/v2\/product_tag?post=23108"}],"curies":[{"name":"wp","href":"https:\/\/api.w.org\/{rel}","templated":true}]}}