{"id":23081,"date":"2023-07-28T14:35:08","date_gmt":"2023-07-28T17:35:08","guid":{"rendered":"https:\/\/probelle.com.br\/produto\/botox-afro-solta-cachos-200g\/"},"modified":"2024-12-10T16:09:38","modified_gmt":"2024-12-10T19:09:38","slug":"botox-afro-solta-cachos-200g","status":"publish","type":"product","link":"https:\/\/probelle.com.br\/en\/produto\/botox-afro-solta-cachos-200g\/","title":{"rendered":"Botox Afro Solta Cachos 200g"},"content":{"rendered":"<p>O Harmonizador de Cachos Btx Afro 200g \u00e9 formulado com uma combina\u00e7\u00e3o de ingredientes que ajudam a promover intenso tratamento aos cabelos crespos do tipo 4B e 4C, devolvendo o brilho e a sedosidade. <span class=\"citation-0 citation-end-0\">Sua f\u00f3rmula enriquecida com Blend de Amino\u00e1cidos em sinergia com 7 \u00d3leos Essenciais e Queratina reconstr\u00f3i em profundidade os cabelos durante o processo de harmoniza\u00e7\u00e3o garantindo vitalidade prolongada.<\/span><\/p>\n","protected":false},"excerpt":{"rendered":"<p>O Harmonizador de Cachos Btx Afro 200g \u00e9 um produto de alta qualidade que vai ajudar voc\u00ea a manter seus cabelos crespos com cachos abertos, hidratados, nutridos e modelados.<\/p>\n","protected":false},"featured_media":7077,"template":"","meta":{"_joinchat":[]},"product_brand":[],"product_cat":[600],"product_tag":[594],"class_list":{"0":"post-23081","1":"product","2":"type-product","3":"status-publish","4":"has-post-thumbnail","6":"product_cat-progressivas-e-botox","7":"product_tag-produtos-probelle","9":"first","10":"outofstock","11":"shipping-taxable","12":"purchasable","13":"product-type-simple"},"yoast_head":"<!-- This site is optimized with the Yoast SEO Premium plugin v23.5 (Yoast SEO v26.5) - https:\/\/yoast.com\/wordpress\/plugins\/seo\/ -->\n<title>Botox Afro Solta Cachos 200g ~ Probelle Cosm\u00e9ticos<\/title>\n<meta name=\"description\" content=\"Harmonizador de Cachos Btx Afro 200g, harmonizador de cachos, cabelo crespo, cachos abertos, hidrata\u00e7\u00e3o, nutri\u00e7\u00e3o, modelagem, blend de amino\u00e1cidos, 7 \u00f3leos essenciais, queratina, tratamento profundo, vitalidade prolongada.\" \/>\n<meta name=\"robots\" content=\"index, follow, max-snippet:-1, max-image-preview:large, max-video-preview:-1\" \/>\n<link rel=\"canonical\" href=\"https:\/\/probelle.com.br\/en\/produto\/botox-afro-solta-cachos-200g\/\" \/>\n<meta property=\"og:locale\" content=\"en_US\" \/>\n<meta property=\"og:type\" content=\"article\" \/>\n<meta property=\"og:title\" content=\"Botox Afro Solta Cachos 200g\" \/>\n<meta property=\"og:description\" content=\"Harmonizador de Cachos Btx Afro 200g, harmonizador de cachos, cabelo crespo, cachos abertos, hidrata\u00e7\u00e3o, nutri\u00e7\u00e3o, modelagem, blend de amino\u00e1cidos, 7 \u00f3leos essenciais, queratina, tratamento profundo, vitalidade prolongada.\" \/>\n<meta property=\"og:url\" content=\"https:\/\/probelle.com.br\/en\/produto\/botox-afro-solta-cachos-200g\/\" \/>\n<meta property=\"og:site_name\" content=\"Probelle Cosm\u00e9ticos\" \/>\n<meta property=\"article:publisher\" content=\"https:\/\/www.facebook.com\/probelle\/\" \/>\n<meta property=\"article:modified_time\" content=\"2024-12-10T19:09:38+00:00\" \/>\n<meta property=\"og:image\" content=\"https:\/\/probelle.com.br\/wp-content\/uploads\/2021\/05\/btx-cachos-afro.png\" \/>\n\t<meta property=\"og:image:width\" content=\"584\" \/>\n\t<meta property=\"og:image:height\" content=\"451\" \/>\n\t<meta property=\"og:image:type\" content=\"image\/png\" \/>\n<meta name=\"twitter:card\" content=\"summary_large_image\" \/>\n<meta name=\"twitter:label1\" content=\"Est. reading time\" \/>\n\t<meta name=\"twitter:data1\" content=\"1 minute\" \/>\n<script type=\"application\/ld+json\" class=\"yoast-schema-graph\">{\"@context\":\"https:\/\/schema.org\",\"@graph\":[{\"@type\":\"WebPage\",\"@id\":\"https:\/\/probelle.com.br\/en\/produto\/botox-afro-solta-cachos-200g\/\",\"url\":\"https:\/\/probelle.com.br\/en\/produto\/botox-afro-solta-cachos-200g\/\",\"name\":\"Botox Afro Solta Cachos 200g ~ Probelle Cosm\u00e9ticos\",\"isPartOf\":{\"@id\":\"https:\/\/probelle.com.br\/en\/#website\"},\"primaryImageOfPage\":{\"@id\":\"https:\/\/probelle.com.br\/en\/produto\/botox-afro-solta-cachos-200g\/#primaryimage\"},\"image\":{\"@id\":\"https:\/\/probelle.com.br\/en\/produto\/botox-afro-solta-cachos-200g\/#primaryimage\"},\"thumbnailUrl\":\"https:\/\/probelle.com.br\/wp-content\/uploads\/2021\/05\/btx-cachos-afro.png\",\"datePublished\":\"2023-07-28T17:35:08+00:00\",\"dateModified\":\"2024-12-10T19:09:38+00:00\",\"description\":\"Harmonizador de Cachos Btx Afro 200g, harmonizador de cachos, cabelo crespo, cachos abertos, hidrata\u00e7\u00e3o, nutri\u00e7\u00e3o, modelagem, blend de amino\u00e1cidos, 7 \u00f3leos essenciais, queratina, tratamento profundo, vitalidade prolongada.\",\"breadcrumb\":{\"@id\":\"https:\/\/probelle.com.br\/en\/produto\/botox-afro-solta-cachos-200g\/#breadcrumb\"},\"inLanguage\":\"en-US\",\"potentialAction\":[{\"@type\":\"ReadAction\",\"target\":[\"https:\/\/probelle.com.br\/en\/produto\/botox-afro-solta-cachos-200g\/\"]}]},{\"@type\":\"ImageObject\",\"inLanguage\":\"en-US\",\"@id\":\"https:\/\/probelle.com.br\/en\/produto\/botox-afro-solta-cachos-200g\/#primaryimage\",\"url\":\"https:\/\/probelle.com.br\/wp-content\/uploads\/2021\/05\/btx-cachos-afro.png\",\"contentUrl\":\"https:\/\/probelle.com.br\/wp-content\/uploads\/2021\/05\/btx-cachos-afro.png\",\"width\":584,\"height\":451},{\"@type\":\"BreadcrumbList\",\"@id\":\"https:\/\/probelle.com.br\/en\/produto\/botox-afro-solta-cachos-200g\/#breadcrumb\",\"itemListElement\":[{\"@type\":\"ListItem\",\"position\":1,\"name\":\"Home\",\"item\":\"https:\/\/probelle.com.br\/en\/\"},{\"@type\":\"ListItem\",\"position\":2,\"name\":\"Loja\",\"item\":\"https:\/\/probelle.com.br\/loja\/\"},{\"@type\":\"ListItem\",\"position\":3,\"name\":\"Botox Afro Solta Cachos 200g\"}]},{\"@type\":\"WebSite\",\"@id\":\"https:\/\/probelle.com.br\/en\/#website\",\"url\":\"https:\/\/probelle.com.br\/en\/\",\"name\":\"Probelle Cosm\u00e9ticos\",\"description\":\"Todo mundo tem em casa.\",\"publisher\":{\"@id\":\"https:\/\/probelle.com.br\/en\/#organization\"},\"potentialAction\":[{\"@type\":\"SearchAction\",\"target\":{\"@type\":\"EntryPoint\",\"urlTemplate\":\"https:\/\/probelle.com.br\/en\/?s={search_term_string}\"},\"query-input\":{\"@type\":\"PropertyValueSpecification\",\"valueRequired\":true,\"valueName\":\"search_term_string\"}}],\"inLanguage\":\"en-US\"},{\"@type\":\"Organization\",\"@id\":\"https:\/\/probelle.com.br\/en\/#organization\",\"name\":\"Probelle Cosm\u00e9ticos\",\"url\":\"https:\/\/probelle.com.br\/en\/\",\"logo\":{\"@type\":\"ImageObject\",\"inLanguage\":\"en-US\",\"@id\":\"https:\/\/probelle.com.br\/en\/#\/schema\/logo\/image\/\",\"url\":\"https:\/\/probelle.com.br\/wp-content\/uploads\/2022\/08\/Para-o-sitee.jpg\",\"contentUrl\":\"https:\/\/probelle.com.br\/wp-content\/uploads\/2022\/08\/Para-o-sitee.jpg\",\"width\":1000,\"height\":750,\"caption\":\"Probelle Cosm\u00e9ticos\"},\"image\":{\"@id\":\"https:\/\/probelle.com.br\/en\/#\/schema\/logo\/image\/\"},\"sameAs\":[\"https:\/\/www.facebook.com\/probelle\/\",\"https:\/\/www.instagram.com\/probellecosmeticos\/\",\"https:\/\/www.youtube.com\/c\/ProbelleCosm\u00e9ticos\/\",\"https:\/\/br.linkedin.com\/company\/probellecosmeticos\",\"https:\/\/br.pinterest.com\/probellecosmeticos\/\"]}]}<\/script>\n<!-- \/ Yoast SEO Premium plugin. -->","yoast_head_json":{"title":"Botox Afro Solta Cachos 200g ~ Probelle Cosm\u00e9ticos","description":"Harmonizador de Cachos Btx Afro 200g, harmonizador de cachos, cabelo crespo, cachos abertos, hidrata\u00e7\u00e3o, nutri\u00e7\u00e3o, modelagem, blend de amino\u00e1cidos, 7 \u00f3leos essenciais, queratina, tratamento profundo, vitalidade prolongada.","robots":{"index":"index","follow":"follow","max-snippet":"max-snippet:-1","max-image-preview":"max-image-preview:large","max-video-preview":"max-video-preview:-1"},"canonical":"https:\/\/probelle.com.br\/en\/produto\/botox-afro-solta-cachos-200g\/","og_locale":"en_US","og_type":"article","og_title":"Botox Afro Solta Cachos 200g","og_description":"Harmonizador de Cachos Btx Afro 200g, harmonizador de cachos, cabelo crespo, cachos abertos, hidrata\u00e7\u00e3o, nutri\u00e7\u00e3o, modelagem, blend de amino\u00e1cidos, 7 \u00f3leos essenciais, queratina, tratamento profundo, vitalidade prolongada.","og_url":"https:\/\/probelle.com.br\/en\/produto\/botox-afro-solta-cachos-200g\/","og_site_name":"Probelle Cosm\u00e9ticos","article_publisher":"https:\/\/www.facebook.com\/probelle\/","article_modified_time":"2024-12-10T19:09:38+00:00","og_image":[{"width":584,"height":451,"url":"https:\/\/probelle.com.br\/wp-content\/uploads\/2021\/05\/btx-cachos-afro.png","type":"image\/png"}],"twitter_card":"summary_large_image","twitter_misc":{"Est. reading time":"1 minute"},"schema":{"@context":"https:\/\/schema.org","@graph":[{"@type":"WebPage","@id":"https:\/\/probelle.com.br\/en\/produto\/botox-afro-solta-cachos-200g\/","url":"https:\/\/probelle.com.br\/en\/produto\/botox-afro-solta-cachos-200g\/","name":"Botox Afro Solta Cachos 200g ~ Probelle Cosm\u00e9ticos","isPartOf":{"@id":"https:\/\/probelle.com.br\/en\/#website"},"primaryImageOfPage":{"@id":"https:\/\/probelle.com.br\/en\/produto\/botox-afro-solta-cachos-200g\/#primaryimage"},"image":{"@id":"https:\/\/probelle.com.br\/en\/produto\/botox-afro-solta-cachos-200g\/#primaryimage"},"thumbnailUrl":"https:\/\/probelle.com.br\/wp-content\/uploads\/2021\/05\/btx-cachos-afro.png","datePublished":"2023-07-28T17:35:08+00:00","dateModified":"2024-12-10T19:09:38+00:00","description":"Harmonizador de Cachos Btx Afro 200g, harmonizador de cachos, cabelo crespo, cachos abertos, hidrata\u00e7\u00e3o, nutri\u00e7\u00e3o, modelagem, blend de amino\u00e1cidos, 7 \u00f3leos essenciais, queratina, tratamento profundo, vitalidade prolongada.","breadcrumb":{"@id":"https:\/\/probelle.com.br\/en\/produto\/botox-afro-solta-cachos-200g\/#breadcrumb"},"inLanguage":"en-US","potentialAction":[{"@type":"ReadAction","target":["https:\/\/probelle.com.br\/en\/produto\/botox-afro-solta-cachos-200g\/"]}]},{"@type":"ImageObject","inLanguage":"en-US","@id":"https:\/\/probelle.com.br\/en\/produto\/botox-afro-solta-cachos-200g\/#primaryimage","url":"https:\/\/probelle.com.br\/wp-content\/uploads\/2021\/05\/btx-cachos-afro.png","contentUrl":"https:\/\/probelle.com.br\/wp-content\/uploads\/2021\/05\/btx-cachos-afro.png","width":584,"height":451},{"@type":"BreadcrumbList","@id":"https:\/\/probelle.com.br\/en\/produto\/botox-afro-solta-cachos-200g\/#breadcrumb","itemListElement":[{"@type":"ListItem","position":1,"name":"Home","item":"https:\/\/probelle.com.br\/en\/"},{"@type":"ListItem","position":2,"name":"Loja","item":"https:\/\/probelle.com.br\/loja\/"},{"@type":"ListItem","position":3,"name":"Botox Afro Solta Cachos 200g"}]},{"@type":"WebSite","@id":"https:\/\/probelle.com.br\/en\/#website","url":"https:\/\/probelle.com.br\/en\/","name":"Probelle Cosm\u00e9ticos","description":"Todo mundo tem em casa.","publisher":{"@id":"https:\/\/probelle.com.br\/en\/#organization"},"potentialAction":[{"@type":"SearchAction","target":{"@type":"EntryPoint","urlTemplate":"https:\/\/probelle.com.br\/en\/?s={search_term_string}"},"query-input":{"@type":"PropertyValueSpecification","valueRequired":true,"valueName":"search_term_string"}}],"inLanguage":"en-US"},{"@type":"Organization","@id":"https:\/\/probelle.com.br\/en\/#organization","name":"Probelle Cosm\u00e9ticos","url":"https:\/\/probelle.com.br\/en\/","logo":{"@type":"ImageObject","inLanguage":"en-US","@id":"https:\/\/probelle.com.br\/en\/#\/schema\/logo\/image\/","url":"https:\/\/probelle.com.br\/wp-content\/uploads\/2022\/08\/Para-o-sitee.jpg","contentUrl":"https:\/\/probelle.com.br\/wp-content\/uploads\/2022\/08\/Para-o-sitee.jpg","width":1000,"height":750,"caption":"Probelle Cosm\u00e9ticos"},"image":{"@id":"https:\/\/probelle.com.br\/en\/#\/schema\/logo\/image\/"},"sameAs":["https:\/\/www.facebook.com\/probelle\/","https:\/\/www.instagram.com\/probellecosmeticos\/","https:\/\/www.youtube.com\/c\/ProbelleCosm\u00e9ticos\/","https:\/\/br.linkedin.com\/company\/probellecosmeticos","https:\/\/br.pinterest.com\/probellecosmeticos\/"]}]}},"_links":{"self":[{"href":"https:\/\/probelle.com.br\/en\/wp-json\/wp\/v2\/product\/23081","targetHints":{"allow":["GET"]}}],"collection":[{"href":"https:\/\/probelle.com.br\/en\/wp-json\/wp\/v2\/product"}],"about":[{"href":"https:\/\/probelle.com.br\/en\/wp-json\/wp\/v2\/types\/product"}],"wp:featuredmedia":[{"embeddable":true,"href":"https:\/\/probelle.com.br\/en\/wp-json\/wp\/v2\/media\/7077"}],"wp:attachment":[{"href":"https:\/\/probelle.com.br\/en\/wp-json\/wp\/v2\/media?parent=23081"}],"wp:term":[{"taxonomy":"product_brand","embeddable":true,"href":"https:\/\/probelle.com.br\/en\/wp-json\/wp\/v2\/product_brand?post=23081"},{"taxonomy":"product_cat","embeddable":true,"href":"https:\/\/probelle.com.br\/en\/wp-json\/wp\/v2\/product_cat?post=23081"},{"taxonomy":"product_tag","embeddable":true,"href":"https:\/\/probelle.com.br\/en\/wp-json\/wp\/v2\/product_tag?post=23081"}],"curies":[{"name":"wp","href":"https:\/\/api.w.org\/{rel}","templated":true}]}}