{"id":23071,"date":"2023-07-28T14:35:06","date_gmt":"2023-07-28T17:35:06","guid":{"rendered":"https:\/\/probelle.com.br\/produto\/btx-progressiva-de-chuveiro-50g\/"},"modified":"2025-06-04T22:22:48","modified_gmt":"2025-06-05T01:22:48","slug":"btx-progressiva-de-chuveiro-50g","status":"publish","type":"product","link":"https:\/\/probelle.com.br\/en\/produto\/btx-progressiva-de-chuveiro-50g\/","title":{"rendered":"Btx Progressiva de Chuveiro 50g"},"content":{"rendered":"<p>O Btx Progressiva de Chuveiro 50g \u00e9 formulado com uma combina\u00e7\u00e3o de ingredientes que ajudam a promover o assentamento dos cabelos, a elimina\u00e7\u00e3o do frizz e o realinhamento t\u00e9rmico das zonas alfa e beta da fibra capilar. O produto tamb\u00e9m ajuda a nutrir os cabelos, aumentar a elasticidade e a maleabilidade, e dar brilho excepcional e densifica\u00e7\u00e3o capilar. O resultado \u00e9 cabelos fortalecidos, ultra-macios e realinhados com brilho acetinado de longa dura\u00e7\u00e3o.<\/p>\n","protected":false},"excerpt":{"rendered":"<p>O Btx Progressiva de Chuveiro 50g \u00e9 um produto de alta qualidade que vai ajudar voc\u00ea a obter cabelos lisos, sem frizz, e com brilho acetinado.<\/p>\n","protected":false},"featured_media":34355,"template":"","meta":{"_joinchat":[]},"product_brand":[],"product_cat":[600],"product_tag":[594],"class_list":{"0":"post-23071","1":"product","2":"type-product","3":"status-publish","4":"has-post-thumbnail","6":"product_cat-progressivas-e-botox","7":"product_tag-produtos-probelle","9":"first","10":"outofstock","11":"shipping-taxable","12":"purchasable","13":"product-type-simple"},"yoast_head":"<!-- This site is optimized with the Yoast SEO Premium plugin v23.5 (Yoast SEO v26.5) - https:\/\/yoast.com\/wordpress\/plugins\/seo\/ -->\n<title>Btx Progressiva de Chuveiro 50g ~ Probelle Cosm\u00e9ticos<\/title>\n<meta name=\"description\" content=\"Btx Progressiva de Chuveiro 50g, Btx Progressiva, Btx, Progressiva, progressiva de chuveiro, cabelos lisos, sem frizz, brilho acetinado, alta penetrabilidade do c\u00f3rtex, nutri\u00e7\u00e3o absoluta, aumento da elasticidade e maleabilidade, densifica\u00e7\u00e3o capilar, cabelos fortalecidos, ultra-macios e realinhados.\" \/>\n<meta name=\"robots\" content=\"index, follow, max-snippet:-1, max-image-preview:large, max-video-preview:-1\" \/>\n<link rel=\"canonical\" href=\"https:\/\/probelle.com.br\/en\/produto\/btx-progressiva-de-chuveiro-50g\/\" \/>\n<meta property=\"og:locale\" content=\"en_US\" \/>\n<meta property=\"og:type\" content=\"article\" \/>\n<meta property=\"og:title\" content=\"Btx Progressiva de Chuveiro 50g\" \/>\n<meta property=\"og:description\" content=\"Btx Progressiva de Chuveiro 50g, Btx Progressiva, Btx, Progressiva, progressiva de chuveiro, cabelos lisos, sem frizz, brilho acetinado, alta penetrabilidade do c\u00f3rtex, nutri\u00e7\u00e3o absoluta, aumento da elasticidade e maleabilidade, densifica\u00e7\u00e3o capilar, cabelos fortalecidos, ultra-macios e realinhados.\" \/>\n<meta property=\"og:url\" content=\"https:\/\/probelle.com.br\/en\/produto\/btx-progressiva-de-chuveiro-50g\/\" \/>\n<meta property=\"og:site_name\" content=\"Probelle Cosm\u00e9ticos\" \/>\n<meta property=\"article:publisher\" content=\"https:\/\/www.facebook.com\/probelle\/\" \/>\n<meta property=\"article:modified_time\" content=\"2025-06-05T01:22:48+00:00\" \/>\n<meta property=\"og:image\" content=\"https:\/\/probelle.com.br\/wp-content\/uploads\/2024\/10\/btx_progressiva_de_chuveiro_50g_511_1_97b2be51a8ad93b756f0d53dd08ebe28.webp\" \/>\n\t<meta property=\"og:image:width\" content=\"400\" \/>\n\t<meta property=\"og:image:height\" content=\"400\" \/>\n\t<meta property=\"og:image:type\" content=\"image\/webp\" \/>\n<meta name=\"twitter:card\" content=\"summary_large_image\" \/>\n<meta name=\"twitter:label1\" content=\"Est. reading time\" \/>\n\t<meta name=\"twitter:data1\" content=\"1 minute\" \/>\n<script type=\"application\/ld+json\" class=\"yoast-schema-graph\">{\"@context\":\"https:\/\/schema.org\",\"@graph\":[{\"@type\":\"WebPage\",\"@id\":\"https:\/\/probelle.com.br\/en\/produto\/btx-progressiva-de-chuveiro-50g\/\",\"url\":\"https:\/\/probelle.com.br\/en\/produto\/btx-progressiva-de-chuveiro-50g\/\",\"name\":\"Btx Progressiva de Chuveiro 50g ~ Probelle Cosm\u00e9ticos\",\"isPartOf\":{\"@id\":\"https:\/\/probelle.com.br\/en\/#website\"},\"primaryImageOfPage\":{\"@id\":\"https:\/\/probelle.com.br\/en\/produto\/btx-progressiva-de-chuveiro-50g\/#primaryimage\"},\"image\":{\"@id\":\"https:\/\/probelle.com.br\/en\/produto\/btx-progressiva-de-chuveiro-50g\/#primaryimage\"},\"thumbnailUrl\":\"https:\/\/probelle.com.br\/wp-content\/uploads\/2024\/10\/btx_progressiva_de_chuveiro_50g_511_1_97b2be51a8ad93b756f0d53dd08ebe28.webp\",\"datePublished\":\"2023-07-28T17:35:06+00:00\",\"dateModified\":\"2025-06-05T01:22:48+00:00\",\"description\":\"Btx Progressiva de Chuveiro 50g, Btx Progressiva, Btx, Progressiva, progressiva de chuveiro, cabelos lisos, sem frizz, brilho acetinado, alta penetrabilidade do c\u00f3rtex, nutri\u00e7\u00e3o absoluta, aumento da elasticidade e maleabilidade, densifica\u00e7\u00e3o capilar, cabelos fortalecidos, ultra-macios e realinhados.\",\"breadcrumb\":{\"@id\":\"https:\/\/probelle.com.br\/en\/produto\/btx-progressiva-de-chuveiro-50g\/#breadcrumb\"},\"inLanguage\":\"en-US\",\"potentialAction\":[{\"@type\":\"ReadAction\",\"target\":[\"https:\/\/probelle.com.br\/en\/produto\/btx-progressiva-de-chuveiro-50g\/\"]}]},{\"@type\":\"ImageObject\",\"inLanguage\":\"en-US\",\"@id\":\"https:\/\/probelle.com.br\/en\/produto\/btx-progressiva-de-chuveiro-50g\/#primaryimage\",\"url\":\"https:\/\/probelle.com.br\/wp-content\/uploads\/2024\/10\/btx_progressiva_de_chuveiro_50g_511_1_97b2be51a8ad93b756f0d53dd08ebe28.webp\",\"contentUrl\":\"https:\/\/probelle.com.br\/wp-content\/uploads\/2024\/10\/btx_progressiva_de_chuveiro_50g_511_1_97b2be51a8ad93b756f0d53dd08ebe28.webp\",\"width\":400,\"height\":400},{\"@type\":\"BreadcrumbList\",\"@id\":\"https:\/\/probelle.com.br\/en\/produto\/btx-progressiva-de-chuveiro-50g\/#breadcrumb\",\"itemListElement\":[{\"@type\":\"ListItem\",\"position\":1,\"name\":\"Home\",\"item\":\"https:\/\/probelle.com.br\/en\/\"},{\"@type\":\"ListItem\",\"position\":2,\"name\":\"Loja\",\"item\":\"https:\/\/probelle.com.br\/loja\/\"},{\"@type\":\"ListItem\",\"position\":3,\"name\":\"Btx Progressiva de Chuveiro 50g\"}]},{\"@type\":\"WebSite\",\"@id\":\"https:\/\/probelle.com.br\/en\/#website\",\"url\":\"https:\/\/probelle.com.br\/en\/\",\"name\":\"Probelle Cosm\u00e9ticos\",\"description\":\"Todo mundo tem em casa.\",\"publisher\":{\"@id\":\"https:\/\/probelle.com.br\/en\/#organization\"},\"potentialAction\":[{\"@type\":\"SearchAction\",\"target\":{\"@type\":\"EntryPoint\",\"urlTemplate\":\"https:\/\/probelle.com.br\/en\/?s={search_term_string}\"},\"query-input\":{\"@type\":\"PropertyValueSpecification\",\"valueRequired\":true,\"valueName\":\"search_term_string\"}}],\"inLanguage\":\"en-US\"},{\"@type\":\"Organization\",\"@id\":\"https:\/\/probelle.com.br\/en\/#organization\",\"name\":\"Probelle Cosm\u00e9ticos\",\"url\":\"https:\/\/probelle.com.br\/en\/\",\"logo\":{\"@type\":\"ImageObject\",\"inLanguage\":\"en-US\",\"@id\":\"https:\/\/probelle.com.br\/en\/#\/schema\/logo\/image\/\",\"url\":\"https:\/\/probelle.com.br\/wp-content\/uploads\/2022\/08\/Para-o-sitee.jpg\",\"contentUrl\":\"https:\/\/probelle.com.br\/wp-content\/uploads\/2022\/08\/Para-o-sitee.jpg\",\"width\":1000,\"height\":750,\"caption\":\"Probelle Cosm\u00e9ticos\"},\"image\":{\"@id\":\"https:\/\/probelle.com.br\/en\/#\/schema\/logo\/image\/\"},\"sameAs\":[\"https:\/\/www.facebook.com\/probelle\/\",\"https:\/\/www.instagram.com\/probellecosmeticos\/\",\"https:\/\/www.youtube.com\/c\/ProbelleCosm\u00e9ticos\/\",\"https:\/\/br.linkedin.com\/company\/probellecosmeticos\",\"https:\/\/br.pinterest.com\/probellecosmeticos\/\"]}]}<\/script>\n<!-- \/ Yoast SEO Premium plugin. -->","yoast_head_json":{"title":"Btx Progressiva de Chuveiro 50g ~ Probelle Cosm\u00e9ticos","description":"Btx Progressiva de Chuveiro 50g, Btx Progressiva, Btx, Progressiva, progressiva de chuveiro, cabelos lisos, sem frizz, brilho acetinado, alta penetrabilidade do c\u00f3rtex, nutri\u00e7\u00e3o absoluta, aumento da elasticidade e maleabilidade, densifica\u00e7\u00e3o capilar, cabelos fortalecidos, ultra-macios e realinhados.","robots":{"index":"index","follow":"follow","max-snippet":"max-snippet:-1","max-image-preview":"max-image-preview:large","max-video-preview":"max-video-preview:-1"},"canonical":"https:\/\/probelle.com.br\/en\/produto\/btx-progressiva-de-chuveiro-50g\/","og_locale":"en_US","og_type":"article","og_title":"Btx Progressiva de Chuveiro 50g","og_description":"Btx Progressiva de Chuveiro 50g, Btx Progressiva, Btx, Progressiva, progressiva de chuveiro, cabelos lisos, sem frizz, brilho acetinado, alta penetrabilidade do c\u00f3rtex, nutri\u00e7\u00e3o absoluta, aumento da elasticidade e maleabilidade, densifica\u00e7\u00e3o capilar, cabelos fortalecidos, ultra-macios e realinhados.","og_url":"https:\/\/probelle.com.br\/en\/produto\/btx-progressiva-de-chuveiro-50g\/","og_site_name":"Probelle Cosm\u00e9ticos","article_publisher":"https:\/\/www.facebook.com\/probelle\/","article_modified_time":"2025-06-05T01:22:48+00:00","og_image":[{"width":400,"height":400,"url":"https:\/\/probelle.com.br\/wp-content\/uploads\/2024\/10\/btx_progressiva_de_chuveiro_50g_511_1_97b2be51a8ad93b756f0d53dd08ebe28.webp","type":"image\/webp"}],"twitter_card":"summary_large_image","twitter_misc":{"Est. reading time":"1 minute"},"schema":{"@context":"https:\/\/schema.org","@graph":[{"@type":"WebPage","@id":"https:\/\/probelle.com.br\/en\/produto\/btx-progressiva-de-chuveiro-50g\/","url":"https:\/\/probelle.com.br\/en\/produto\/btx-progressiva-de-chuveiro-50g\/","name":"Btx Progressiva de Chuveiro 50g ~ Probelle Cosm\u00e9ticos","isPartOf":{"@id":"https:\/\/probelle.com.br\/en\/#website"},"primaryImageOfPage":{"@id":"https:\/\/probelle.com.br\/en\/produto\/btx-progressiva-de-chuveiro-50g\/#primaryimage"},"image":{"@id":"https:\/\/probelle.com.br\/en\/produto\/btx-progressiva-de-chuveiro-50g\/#primaryimage"},"thumbnailUrl":"https:\/\/probelle.com.br\/wp-content\/uploads\/2024\/10\/btx_progressiva_de_chuveiro_50g_511_1_97b2be51a8ad93b756f0d53dd08ebe28.webp","datePublished":"2023-07-28T17:35:06+00:00","dateModified":"2025-06-05T01:22:48+00:00","description":"Btx Progressiva de Chuveiro 50g, Btx Progressiva, Btx, Progressiva, progressiva de chuveiro, cabelos lisos, sem frizz, brilho acetinado, alta penetrabilidade do c\u00f3rtex, nutri\u00e7\u00e3o absoluta, aumento da elasticidade e maleabilidade, densifica\u00e7\u00e3o capilar, cabelos fortalecidos, ultra-macios e realinhados.","breadcrumb":{"@id":"https:\/\/probelle.com.br\/en\/produto\/btx-progressiva-de-chuveiro-50g\/#breadcrumb"},"inLanguage":"en-US","potentialAction":[{"@type":"ReadAction","target":["https:\/\/probelle.com.br\/en\/produto\/btx-progressiva-de-chuveiro-50g\/"]}]},{"@type":"ImageObject","inLanguage":"en-US","@id":"https:\/\/probelle.com.br\/en\/produto\/btx-progressiva-de-chuveiro-50g\/#primaryimage","url":"https:\/\/probelle.com.br\/wp-content\/uploads\/2024\/10\/btx_progressiva_de_chuveiro_50g_511_1_97b2be51a8ad93b756f0d53dd08ebe28.webp","contentUrl":"https:\/\/probelle.com.br\/wp-content\/uploads\/2024\/10\/btx_progressiva_de_chuveiro_50g_511_1_97b2be51a8ad93b756f0d53dd08ebe28.webp","width":400,"height":400},{"@type":"BreadcrumbList","@id":"https:\/\/probelle.com.br\/en\/produto\/btx-progressiva-de-chuveiro-50g\/#breadcrumb","itemListElement":[{"@type":"ListItem","position":1,"name":"Home","item":"https:\/\/probelle.com.br\/en\/"},{"@type":"ListItem","position":2,"name":"Loja","item":"https:\/\/probelle.com.br\/loja\/"},{"@type":"ListItem","position":3,"name":"Btx Progressiva de Chuveiro 50g"}]},{"@type":"WebSite","@id":"https:\/\/probelle.com.br\/en\/#website","url":"https:\/\/probelle.com.br\/en\/","name":"Probelle Cosm\u00e9ticos","description":"Todo mundo tem em casa.","publisher":{"@id":"https:\/\/probelle.com.br\/en\/#organization"},"potentialAction":[{"@type":"SearchAction","target":{"@type":"EntryPoint","urlTemplate":"https:\/\/probelle.com.br\/en\/?s={search_term_string}"},"query-input":{"@type":"PropertyValueSpecification","valueRequired":true,"valueName":"search_term_string"}}],"inLanguage":"en-US"},{"@type":"Organization","@id":"https:\/\/probelle.com.br\/en\/#organization","name":"Probelle Cosm\u00e9ticos","url":"https:\/\/probelle.com.br\/en\/","logo":{"@type":"ImageObject","inLanguage":"en-US","@id":"https:\/\/probelle.com.br\/en\/#\/schema\/logo\/image\/","url":"https:\/\/probelle.com.br\/wp-content\/uploads\/2022\/08\/Para-o-sitee.jpg","contentUrl":"https:\/\/probelle.com.br\/wp-content\/uploads\/2022\/08\/Para-o-sitee.jpg","width":1000,"height":750,"caption":"Probelle Cosm\u00e9ticos"},"image":{"@id":"https:\/\/probelle.com.br\/en\/#\/schema\/logo\/image\/"},"sameAs":["https:\/\/www.facebook.com\/probelle\/","https:\/\/www.instagram.com\/probellecosmeticos\/","https:\/\/www.youtube.com\/c\/ProbelleCosm\u00e9ticos\/","https:\/\/br.linkedin.com\/company\/probellecosmeticos","https:\/\/br.pinterest.com\/probellecosmeticos\/"]}]}},"_links":{"self":[{"href":"https:\/\/probelle.com.br\/en\/wp-json\/wp\/v2\/product\/23071","targetHints":{"allow":["GET"]}}],"collection":[{"href":"https:\/\/probelle.com.br\/en\/wp-json\/wp\/v2\/product"}],"about":[{"href":"https:\/\/probelle.com.br\/en\/wp-json\/wp\/v2\/types\/product"}],"wp:featuredmedia":[{"embeddable":true,"href":"https:\/\/probelle.com.br\/en\/wp-json\/wp\/v2\/media\/34355"}],"wp:attachment":[{"href":"https:\/\/probelle.com.br\/en\/wp-json\/wp\/v2\/media?parent=23071"}],"wp:term":[{"taxonomy":"product_brand","embeddable":true,"href":"https:\/\/probelle.com.br\/en\/wp-json\/wp\/v2\/product_brand?post=23071"},{"taxonomy":"product_cat","embeddable":true,"href":"https:\/\/probelle.com.br\/en\/wp-json\/wp\/v2\/product_cat?post=23071"},{"taxonomy":"product_tag","embeddable":true,"href":"https:\/\/probelle.com.br\/en\/wp-json\/wp\/v2\/product_tag?post=23071"}],"curies":[{"name":"wp","href":"https:\/\/api.w.org\/{rel}","templated":true}]}}