{"id":23041,"date":"2023-07-28T14:34:58","date_gmt":"2023-07-28T17:34:58","guid":{"rendered":"https:\/\/probelle.com.br\/produto\/shampoo-250ml-6\/"},"modified":"2023-08-21T13:33:18","modified_gmt":"2023-08-21T16:33:18","slug":"shampoo-250ml-anti-queda","status":"publish","type":"product","link":"https:\/\/probelle.com.br\/en\/produto\/shampoo-250ml-anti-queda\/","title":{"rendered":"Shampoo 250mL Anti Queda"},"content":{"rendered":"<p>O Shampoo 250mL Anti Queda \u00e9 formulado com ra\u00edzes de gengibre, um ativo respons\u00e1vel por aumentar a circula\u00e7\u00e3o sangu\u00ednea do couro cabeludo, estimulando o crescimento dos fios. O produto tamb\u00e9m possui outros ingredientes que ajudam a fortalecer os fios e proteger contra a queda capilar. O resultado \u00e9 cabelos mais fortes, com crescimento saud\u00e1vel e sem queda capilar.<\/p>\n","protected":false},"excerpt":{"rendered":"<p>O Shampoo 250mL Anti Queda \u00e9 um produto de alta qualidade que vai ajudar voc\u00ea a obter cabelos mais fortes e com crescimento saud\u00e1vel, sem queda capilar.<\/p>\n","protected":false},"featured_media":24134,"template":"","meta":{"_joinchat":[]},"product_brand":[],"product_cat":[214],"product_tag":[594],"class_list":{"0":"post-23041","1":"product","2":"type-product","3":"status-publish","4":"has-post-thumbnail","6":"product_cat-home-care","7":"product_tag-produtos-probelle","9":"first","10":"instock","11":"shipping-taxable","12":"purchasable","13":"product-type-simple"},"yoast_head":"<!-- This site is optimized with the Yoast SEO Premium plugin v23.5 (Yoast SEO v26.5) - https:\/\/yoast.com\/wordpress\/plugins\/seo\/ -->\n<title>Shampoo 250mL Anti Queda ~ Probelle Cosm\u00e9ticos<\/title>\n<meta name=\"description\" content=\"Shampoo 250mL Anti Queda, shampoo para cabelos, ra\u00edzes de gengibre, aumento da circula\u00e7\u00e3o sangu\u00ednea do couro cabeludo, est\u00edmulo do crescimento dos fios, fortalecimento dos fios, prote\u00e7\u00e3o contra a queda capilar, cabelos mais fortes, crescimento saud\u00e1vel, sem queda capilar\" \/>\n<meta name=\"robots\" content=\"index, follow, max-snippet:-1, max-image-preview:large, max-video-preview:-1\" \/>\n<link rel=\"canonical\" href=\"https:\/\/probelle.com.br\/en\/produto\/shampoo-250ml-anti-queda\/\" \/>\n<meta property=\"og:locale\" content=\"en_US\" \/>\n<meta property=\"og:type\" content=\"article\" \/>\n<meta property=\"og:title\" content=\"Shampoo 250mL Anti Queda\" \/>\n<meta property=\"og:description\" content=\"Shampoo 250mL Anti Queda, shampoo para cabelos, ra\u00edzes de gengibre, aumento da circula\u00e7\u00e3o sangu\u00ednea do couro cabeludo, est\u00edmulo do crescimento dos fios, fortalecimento dos fios, prote\u00e7\u00e3o contra a queda capilar, cabelos mais fortes, crescimento saud\u00e1vel, sem queda capilar\" \/>\n<meta property=\"og:url\" content=\"https:\/\/probelle.com.br\/en\/produto\/shampoo-250ml-anti-queda\/\" \/>\n<meta property=\"og:site_name\" content=\"Probelle Cosm\u00e9ticos\" \/>\n<meta property=\"article:publisher\" content=\"https:\/\/www.facebook.com\/probelle\/\" \/>\n<meta property=\"article:modified_time\" content=\"2023-08-21T16:33:18+00:00\" \/>\n<meta property=\"og:image\" content=\"https:\/\/probelle.com.br\/wp-content\/uploads\/2023\/07\/Embalagem_9_2-2.jpg\" \/>\n\t<meta property=\"og:image:width\" content=\"1024\" \/>\n\t<meta property=\"og:image:height\" content=\"1024\" \/>\n\t<meta property=\"og:image:type\" content=\"image\/jpeg\" \/>\n<meta name=\"twitter:card\" content=\"summary_large_image\" \/>\n<meta name=\"twitter:label1\" content=\"Est. reading time\" \/>\n\t<meta name=\"twitter:data1\" content=\"1 minute\" \/>\n<script type=\"application\/ld+json\" class=\"yoast-schema-graph\">{\"@context\":\"https:\/\/schema.org\",\"@graph\":[{\"@type\":\"WebPage\",\"@id\":\"https:\/\/probelle.com.br\/en\/produto\/shampoo-250ml-anti-queda\/\",\"url\":\"https:\/\/probelle.com.br\/en\/produto\/shampoo-250ml-anti-queda\/\",\"name\":\"Shampoo 250mL Anti Queda ~ Probelle Cosm\u00e9ticos\",\"isPartOf\":{\"@id\":\"https:\/\/probelle.com.br\/en\/#website\"},\"primaryImageOfPage\":{\"@id\":\"https:\/\/probelle.com.br\/en\/produto\/shampoo-250ml-anti-queda\/#primaryimage\"},\"image\":{\"@id\":\"https:\/\/probelle.com.br\/en\/produto\/shampoo-250ml-anti-queda\/#primaryimage\"},\"thumbnailUrl\":\"https:\/\/probelle.com.br\/wp-content\/uploads\/2023\/07\/Embalagem_9_2-2.jpg\",\"datePublished\":\"2023-07-28T17:34:58+00:00\",\"dateModified\":\"2023-08-21T16:33:18+00:00\",\"description\":\"Shampoo 250mL Anti Queda, shampoo para cabelos, ra\u00edzes de gengibre, aumento da circula\u00e7\u00e3o sangu\u00ednea do couro cabeludo, est\u00edmulo do crescimento dos fios, fortalecimento dos fios, prote\u00e7\u00e3o contra a queda capilar, cabelos mais fortes, crescimento saud\u00e1vel, sem queda capilar\",\"breadcrumb\":{\"@id\":\"https:\/\/probelle.com.br\/en\/produto\/shampoo-250ml-anti-queda\/#breadcrumb\"},\"inLanguage\":\"en-US\",\"potentialAction\":[{\"@type\":\"ReadAction\",\"target\":[\"https:\/\/probelle.com.br\/en\/produto\/shampoo-250ml-anti-queda\/\"]}]},{\"@type\":\"ImageObject\",\"inLanguage\":\"en-US\",\"@id\":\"https:\/\/probelle.com.br\/en\/produto\/shampoo-250ml-anti-queda\/#primaryimage\",\"url\":\"https:\/\/probelle.com.br\/wp-content\/uploads\/2023\/07\/Embalagem_9_2-2.jpg\",\"contentUrl\":\"https:\/\/probelle.com.br\/wp-content\/uploads\/2023\/07\/Embalagem_9_2-2.jpg\",\"width\":1024,\"height\":1024},{\"@type\":\"BreadcrumbList\",\"@id\":\"https:\/\/probelle.com.br\/en\/produto\/shampoo-250ml-anti-queda\/#breadcrumb\",\"itemListElement\":[{\"@type\":\"ListItem\",\"position\":1,\"name\":\"Home\",\"item\":\"https:\/\/probelle.com.br\/en\/\"},{\"@type\":\"ListItem\",\"position\":2,\"name\":\"Loja\",\"item\":\"https:\/\/probelle.com.br\/loja\/\"},{\"@type\":\"ListItem\",\"position\":3,\"name\":\"Shampoo 250mL Anti Queda\"}]},{\"@type\":\"WebSite\",\"@id\":\"https:\/\/probelle.com.br\/en\/#website\",\"url\":\"https:\/\/probelle.com.br\/en\/\",\"name\":\"Probelle Cosm\u00e9ticos\",\"description\":\"Todo mundo tem em casa.\",\"publisher\":{\"@id\":\"https:\/\/probelle.com.br\/en\/#organization\"},\"potentialAction\":[{\"@type\":\"SearchAction\",\"target\":{\"@type\":\"EntryPoint\",\"urlTemplate\":\"https:\/\/probelle.com.br\/en\/?s={search_term_string}\"},\"query-input\":{\"@type\":\"PropertyValueSpecification\",\"valueRequired\":true,\"valueName\":\"search_term_string\"}}],\"inLanguage\":\"en-US\"},{\"@type\":\"Organization\",\"@id\":\"https:\/\/probelle.com.br\/en\/#organization\",\"name\":\"Probelle Cosm\u00e9ticos\",\"url\":\"https:\/\/probelle.com.br\/en\/\",\"logo\":{\"@type\":\"ImageObject\",\"inLanguage\":\"en-US\",\"@id\":\"https:\/\/probelle.com.br\/en\/#\/schema\/logo\/image\/\",\"url\":\"https:\/\/probelle.com.br\/wp-content\/uploads\/2022\/08\/Para-o-sitee.jpg\",\"contentUrl\":\"https:\/\/probelle.com.br\/wp-content\/uploads\/2022\/08\/Para-o-sitee.jpg\",\"width\":1000,\"height\":750,\"caption\":\"Probelle Cosm\u00e9ticos\"},\"image\":{\"@id\":\"https:\/\/probelle.com.br\/en\/#\/schema\/logo\/image\/\"},\"sameAs\":[\"https:\/\/www.facebook.com\/probelle\/\",\"https:\/\/www.instagram.com\/probellecosmeticos\/\",\"https:\/\/www.youtube.com\/c\/ProbelleCosm\u00e9ticos\/\",\"https:\/\/br.linkedin.com\/company\/probellecosmeticos\",\"https:\/\/br.pinterest.com\/probellecosmeticos\/\"]}]}<\/script>\n<!-- \/ Yoast SEO Premium plugin. -->","yoast_head_json":{"title":"Shampoo 250mL Anti Queda ~ Probelle Cosm\u00e9ticos","description":"Shampoo 250mL Anti Queda, shampoo para cabelos, ra\u00edzes de gengibre, aumento da circula\u00e7\u00e3o sangu\u00ednea do couro cabeludo, est\u00edmulo do crescimento dos fios, fortalecimento dos fios, prote\u00e7\u00e3o contra a queda capilar, cabelos mais fortes, crescimento saud\u00e1vel, sem queda capilar","robots":{"index":"index","follow":"follow","max-snippet":"max-snippet:-1","max-image-preview":"max-image-preview:large","max-video-preview":"max-video-preview:-1"},"canonical":"https:\/\/probelle.com.br\/en\/produto\/shampoo-250ml-anti-queda\/","og_locale":"en_US","og_type":"article","og_title":"Shampoo 250mL Anti Queda","og_description":"Shampoo 250mL Anti Queda, shampoo para cabelos, ra\u00edzes de gengibre, aumento da circula\u00e7\u00e3o sangu\u00ednea do couro cabeludo, est\u00edmulo do crescimento dos fios, fortalecimento dos fios, prote\u00e7\u00e3o contra a queda capilar, cabelos mais fortes, crescimento saud\u00e1vel, sem queda capilar","og_url":"https:\/\/probelle.com.br\/en\/produto\/shampoo-250ml-anti-queda\/","og_site_name":"Probelle Cosm\u00e9ticos","article_publisher":"https:\/\/www.facebook.com\/probelle\/","article_modified_time":"2023-08-21T16:33:18+00:00","og_image":[{"width":1024,"height":1024,"url":"https:\/\/probelle.com.br\/wp-content\/uploads\/2023\/07\/Embalagem_9_2-2.jpg","type":"image\/jpeg"}],"twitter_card":"summary_large_image","twitter_misc":{"Est. reading time":"1 minute"},"schema":{"@context":"https:\/\/schema.org","@graph":[{"@type":"WebPage","@id":"https:\/\/probelle.com.br\/en\/produto\/shampoo-250ml-anti-queda\/","url":"https:\/\/probelle.com.br\/en\/produto\/shampoo-250ml-anti-queda\/","name":"Shampoo 250mL Anti Queda ~ Probelle Cosm\u00e9ticos","isPartOf":{"@id":"https:\/\/probelle.com.br\/en\/#website"},"primaryImageOfPage":{"@id":"https:\/\/probelle.com.br\/en\/produto\/shampoo-250ml-anti-queda\/#primaryimage"},"image":{"@id":"https:\/\/probelle.com.br\/en\/produto\/shampoo-250ml-anti-queda\/#primaryimage"},"thumbnailUrl":"https:\/\/probelle.com.br\/wp-content\/uploads\/2023\/07\/Embalagem_9_2-2.jpg","datePublished":"2023-07-28T17:34:58+00:00","dateModified":"2023-08-21T16:33:18+00:00","description":"Shampoo 250mL Anti Queda, shampoo para cabelos, ra\u00edzes de gengibre, aumento da circula\u00e7\u00e3o sangu\u00ednea do couro cabeludo, est\u00edmulo do crescimento dos fios, fortalecimento dos fios, prote\u00e7\u00e3o contra a queda capilar, cabelos mais fortes, crescimento saud\u00e1vel, sem queda capilar","breadcrumb":{"@id":"https:\/\/probelle.com.br\/en\/produto\/shampoo-250ml-anti-queda\/#breadcrumb"},"inLanguage":"en-US","potentialAction":[{"@type":"ReadAction","target":["https:\/\/probelle.com.br\/en\/produto\/shampoo-250ml-anti-queda\/"]}]},{"@type":"ImageObject","inLanguage":"en-US","@id":"https:\/\/probelle.com.br\/en\/produto\/shampoo-250ml-anti-queda\/#primaryimage","url":"https:\/\/probelle.com.br\/wp-content\/uploads\/2023\/07\/Embalagem_9_2-2.jpg","contentUrl":"https:\/\/probelle.com.br\/wp-content\/uploads\/2023\/07\/Embalagem_9_2-2.jpg","width":1024,"height":1024},{"@type":"BreadcrumbList","@id":"https:\/\/probelle.com.br\/en\/produto\/shampoo-250ml-anti-queda\/#breadcrumb","itemListElement":[{"@type":"ListItem","position":1,"name":"Home","item":"https:\/\/probelle.com.br\/en\/"},{"@type":"ListItem","position":2,"name":"Loja","item":"https:\/\/probelle.com.br\/loja\/"},{"@type":"ListItem","position":3,"name":"Shampoo 250mL Anti Queda"}]},{"@type":"WebSite","@id":"https:\/\/probelle.com.br\/en\/#website","url":"https:\/\/probelle.com.br\/en\/","name":"Probelle Cosm\u00e9ticos","description":"Todo mundo tem em casa.","publisher":{"@id":"https:\/\/probelle.com.br\/en\/#organization"},"potentialAction":[{"@type":"SearchAction","target":{"@type":"EntryPoint","urlTemplate":"https:\/\/probelle.com.br\/en\/?s={search_term_string}"},"query-input":{"@type":"PropertyValueSpecification","valueRequired":true,"valueName":"search_term_string"}}],"inLanguage":"en-US"},{"@type":"Organization","@id":"https:\/\/probelle.com.br\/en\/#organization","name":"Probelle Cosm\u00e9ticos","url":"https:\/\/probelle.com.br\/en\/","logo":{"@type":"ImageObject","inLanguage":"en-US","@id":"https:\/\/probelle.com.br\/en\/#\/schema\/logo\/image\/","url":"https:\/\/probelle.com.br\/wp-content\/uploads\/2022\/08\/Para-o-sitee.jpg","contentUrl":"https:\/\/probelle.com.br\/wp-content\/uploads\/2022\/08\/Para-o-sitee.jpg","width":1000,"height":750,"caption":"Probelle Cosm\u00e9ticos"},"image":{"@id":"https:\/\/probelle.com.br\/en\/#\/schema\/logo\/image\/"},"sameAs":["https:\/\/www.facebook.com\/probelle\/","https:\/\/www.instagram.com\/probellecosmeticos\/","https:\/\/www.youtube.com\/c\/ProbelleCosm\u00e9ticos\/","https:\/\/br.linkedin.com\/company\/probellecosmeticos","https:\/\/br.pinterest.com\/probellecosmeticos\/"]}]}},"_links":{"self":[{"href":"https:\/\/probelle.com.br\/en\/wp-json\/wp\/v2\/product\/23041","targetHints":{"allow":["GET"]}}],"collection":[{"href":"https:\/\/probelle.com.br\/en\/wp-json\/wp\/v2\/product"}],"about":[{"href":"https:\/\/probelle.com.br\/en\/wp-json\/wp\/v2\/types\/product"}],"wp:featuredmedia":[{"embeddable":true,"href":"https:\/\/probelle.com.br\/en\/wp-json\/wp\/v2\/media\/24134"}],"wp:attachment":[{"href":"https:\/\/probelle.com.br\/en\/wp-json\/wp\/v2\/media?parent=23041"}],"wp:term":[{"taxonomy":"product_brand","embeddable":true,"href":"https:\/\/probelle.com.br\/en\/wp-json\/wp\/v2\/product_brand?post=23041"},{"taxonomy":"product_cat","embeddable":true,"href":"https:\/\/probelle.com.br\/en\/wp-json\/wp\/v2\/product_cat?post=23041"},{"taxonomy":"product_tag","embeddable":true,"href":"https:\/\/probelle.com.br\/en\/wp-json\/wp\/v2\/product_tag?post=23041"}],"curies":[{"name":"wp","href":"https:\/\/api.w.org\/{rel}","templated":true}]}}