{"id":23038,"date":"2023-07-28T14:34:57","date_gmt":"2023-07-28T17:34:57","guid":{"rendered":"https:\/\/probelle.com.br\/produto\/cabelos-comportado-350g\/"},"modified":"2024-07-16T23:46:50","modified_gmt":"2024-07-17T02:46:50","slug":"cabelos-comportado-350g","status":"publish","type":"product","link":"https:\/\/probelle.com.br\/en\/produto\/cabelos-comportado-350g\/","title":{"rendered":"Cabelos Comportado 350g Explos\u00e3o de Cachos"},"content":{"rendered":"<p>O Cabelos Comportado 350g Explos\u00e3o de Cachos \u00e9 especialmente formulado para reduzir o volume, eliminar o frizz, promover brilho intenso e manter o aspecto molhado na fibra. O produto tamb\u00e9m promove nutrirepara\u00e7\u00e3o e densifica\u00e7\u00e3o aos fios com reposi\u00e7\u00e3o de massa. O Cabelos Comportado 350g Explos\u00e3o de Cachos \u00e9 uma \u00f3tima op\u00e7\u00e3o para quem deseja cabelos mais disciplinados, com volume controlado, frizz eliminado e brilho intenso.<\/p>\n","protected":false},"excerpt":{"rendered":"<p>O Cabelos Comportado 350g Explos\u00e3o de Cachos \u00e9 um produto de alta qualidade que vai ajudar voc\u00ea a reduzir o volume, eliminar o frizz, promover brilho intenso e manter o aspecto molhado na fibra. O produto tamb\u00e9m promove nutrirepara\u00e7\u00e3o e densifica\u00e7\u00e3o aos fios com reposi\u00e7\u00e3o de massa.<\/p>\n","protected":false},"featured_media":24119,"template":"","meta":{"_joinchat":[]},"product_brand":[],"product_cat":[214],"product_tag":[594],"class_list":{"0":"post-23038","1":"product","2":"type-product","3":"status-publish","4":"has-post-thumbnail","6":"product_cat-home-care","7":"product_tag-produtos-probelle","9":"first","10":"instock","11":"shipping-taxable","12":"purchasable","13":"product-type-simple"},"yoast_head":"<!-- This site is optimized with the Yoast SEO Premium plugin v23.5 (Yoast SEO v26.5) - https:\/\/yoast.com\/wordpress\/plugins\/seo\/ -->\n<title>Cabelos Comportado 350g Explos\u00e3o de Cachos ~ Probelle Cosm\u00e9ticos<\/title>\n<meta name=\"description\" content=\"Cabelo Comportado 350g Explos\u00e3o de Cachos, produto para cabelos, redu\u00e7\u00e3o de volume, elimina\u00e7\u00e3o do frizz, promo\u00e7\u00e3o de brilho intenso, manuten\u00e7\u00e3o do aspecto molhado na fibra, nutrirepara\u00e7\u00e3o e densifica\u00e7\u00e3o aos fios, reposi\u00e7\u00e3o de massa.\" \/>\n<meta name=\"robots\" content=\"index, follow, max-snippet:-1, max-image-preview:large, max-video-preview:-1\" \/>\n<link rel=\"canonical\" href=\"https:\/\/probelle.com.br\/en\/produto\/cabelos-comportado-350g\/\" \/>\n<meta property=\"og:locale\" content=\"en_US\" \/>\n<meta property=\"og:type\" content=\"article\" \/>\n<meta property=\"og:title\" content=\"Cabelos Comportado 350g Explos\u00e3o de Cachos\" \/>\n<meta property=\"og:description\" content=\"Cabelo Comportado 350g Explos\u00e3o de Cachos, produto para cabelos, redu\u00e7\u00e3o de volume, elimina\u00e7\u00e3o do frizz, promo\u00e7\u00e3o de brilho intenso, manuten\u00e7\u00e3o do aspecto molhado na fibra, nutrirepara\u00e7\u00e3o e densifica\u00e7\u00e3o aos fios, reposi\u00e7\u00e3o de massa.\" \/>\n<meta property=\"og:url\" content=\"https:\/\/probelle.com.br\/en\/produto\/cabelos-comportado-350g\/\" \/>\n<meta property=\"og:site_name\" content=\"Probelle Cosm\u00e9ticos\" \/>\n<meta property=\"article:publisher\" content=\"https:\/\/www.facebook.com\/probelle\/\" \/>\n<meta property=\"article:modified_time\" content=\"2024-07-17T02:46:50+00:00\" \/>\n<meta property=\"og:image\" content=\"https:\/\/probelle.com.br\/wp-content\/uploads\/2023\/07\/explosao-de-cachos-comportados-350g-F.jpg\" \/>\n\t<meta property=\"og:image:width\" content=\"1024\" \/>\n\t<meta property=\"og:image:height\" content=\"1024\" \/>\n\t<meta property=\"og:image:type\" content=\"image\/jpeg\" \/>\n<meta name=\"twitter:card\" content=\"summary_large_image\" \/>\n<meta name=\"twitter:label1\" content=\"Est. reading time\" \/>\n\t<meta name=\"twitter:data1\" content=\"1 minute\" \/>\n<script type=\"application\/ld+json\" class=\"yoast-schema-graph\">{\"@context\":\"https:\/\/schema.org\",\"@graph\":[{\"@type\":\"WebPage\",\"@id\":\"https:\/\/probelle.com.br\/en\/produto\/cabelos-comportado-350g\/\",\"url\":\"https:\/\/probelle.com.br\/en\/produto\/cabelos-comportado-350g\/\",\"name\":\"Cabelos Comportado 350g Explos\u00e3o de Cachos ~ Probelle Cosm\u00e9ticos\",\"isPartOf\":{\"@id\":\"https:\/\/probelle.com.br\/en\/#website\"},\"primaryImageOfPage\":{\"@id\":\"https:\/\/probelle.com.br\/en\/produto\/cabelos-comportado-350g\/#primaryimage\"},\"image\":{\"@id\":\"https:\/\/probelle.com.br\/en\/produto\/cabelos-comportado-350g\/#primaryimage\"},\"thumbnailUrl\":\"https:\/\/probelle.com.br\/wp-content\/uploads\/2023\/07\/explosao-de-cachos-comportados-350g-F.jpg\",\"datePublished\":\"2023-07-28T17:34:57+00:00\",\"dateModified\":\"2024-07-17T02:46:50+00:00\",\"description\":\"Cabelo Comportado 350g Explos\u00e3o de Cachos, produto para cabelos, redu\u00e7\u00e3o de volume, elimina\u00e7\u00e3o do frizz, promo\u00e7\u00e3o de brilho intenso, manuten\u00e7\u00e3o do aspecto molhado na fibra, nutrirepara\u00e7\u00e3o e densifica\u00e7\u00e3o aos fios, reposi\u00e7\u00e3o de massa.\",\"breadcrumb\":{\"@id\":\"https:\/\/probelle.com.br\/en\/produto\/cabelos-comportado-350g\/#breadcrumb\"},\"inLanguage\":\"en-US\",\"potentialAction\":[{\"@type\":\"ReadAction\",\"target\":[\"https:\/\/probelle.com.br\/en\/produto\/cabelos-comportado-350g\/\"]}]},{\"@type\":\"ImageObject\",\"inLanguage\":\"en-US\",\"@id\":\"https:\/\/probelle.com.br\/en\/produto\/cabelos-comportado-350g\/#primaryimage\",\"url\":\"https:\/\/probelle.com.br\/wp-content\/uploads\/2023\/07\/explosao-de-cachos-comportados-350g-F.jpg\",\"contentUrl\":\"https:\/\/probelle.com.br\/wp-content\/uploads\/2023\/07\/explosao-de-cachos-comportados-350g-F.jpg\",\"width\":1024,\"height\":1024},{\"@type\":\"BreadcrumbList\",\"@id\":\"https:\/\/probelle.com.br\/en\/produto\/cabelos-comportado-350g\/#breadcrumb\",\"itemListElement\":[{\"@type\":\"ListItem\",\"position\":1,\"name\":\"Home\",\"item\":\"https:\/\/probelle.com.br\/en\/\"},{\"@type\":\"ListItem\",\"position\":2,\"name\":\"Loja\",\"item\":\"https:\/\/probelle.com.br\/loja\/\"},{\"@type\":\"ListItem\",\"position\":3,\"name\":\"Cabelos Comportado 350g Explos\u00e3o de Cachos\"}]},{\"@type\":\"WebSite\",\"@id\":\"https:\/\/probelle.com.br\/en\/#website\",\"url\":\"https:\/\/probelle.com.br\/en\/\",\"name\":\"Probelle Cosm\u00e9ticos\",\"description\":\"Todo mundo tem em casa.\",\"publisher\":{\"@id\":\"https:\/\/probelle.com.br\/en\/#organization\"},\"potentialAction\":[{\"@type\":\"SearchAction\",\"target\":{\"@type\":\"EntryPoint\",\"urlTemplate\":\"https:\/\/probelle.com.br\/en\/?s={search_term_string}\"},\"query-input\":{\"@type\":\"PropertyValueSpecification\",\"valueRequired\":true,\"valueName\":\"search_term_string\"}}],\"inLanguage\":\"en-US\"},{\"@type\":\"Organization\",\"@id\":\"https:\/\/probelle.com.br\/en\/#organization\",\"name\":\"Probelle Cosm\u00e9ticos\",\"url\":\"https:\/\/probelle.com.br\/en\/\",\"logo\":{\"@type\":\"ImageObject\",\"inLanguage\":\"en-US\",\"@id\":\"https:\/\/probelle.com.br\/en\/#\/schema\/logo\/image\/\",\"url\":\"https:\/\/probelle.com.br\/wp-content\/uploads\/2022\/08\/Para-o-sitee.jpg\",\"contentUrl\":\"https:\/\/probelle.com.br\/wp-content\/uploads\/2022\/08\/Para-o-sitee.jpg\",\"width\":1000,\"height\":750,\"caption\":\"Probelle Cosm\u00e9ticos\"},\"image\":{\"@id\":\"https:\/\/probelle.com.br\/en\/#\/schema\/logo\/image\/\"},\"sameAs\":[\"https:\/\/www.facebook.com\/probelle\/\",\"https:\/\/www.instagram.com\/probellecosmeticos\/\",\"https:\/\/www.youtube.com\/c\/ProbelleCosm\u00e9ticos\/\",\"https:\/\/br.linkedin.com\/company\/probellecosmeticos\",\"https:\/\/br.pinterest.com\/probellecosmeticos\/\"]}]}<\/script>\n<!-- \/ Yoast SEO Premium plugin. -->","yoast_head_json":{"title":"Cabelos Comportado 350g Explos\u00e3o de Cachos ~ Probelle Cosm\u00e9ticos","description":"Cabelo Comportado 350g Explos\u00e3o de Cachos, produto para cabelos, redu\u00e7\u00e3o de volume, elimina\u00e7\u00e3o do frizz, promo\u00e7\u00e3o de brilho intenso, manuten\u00e7\u00e3o do aspecto molhado na fibra, nutrirepara\u00e7\u00e3o e densifica\u00e7\u00e3o aos fios, reposi\u00e7\u00e3o de massa.","robots":{"index":"index","follow":"follow","max-snippet":"max-snippet:-1","max-image-preview":"max-image-preview:large","max-video-preview":"max-video-preview:-1"},"canonical":"https:\/\/probelle.com.br\/en\/produto\/cabelos-comportado-350g\/","og_locale":"en_US","og_type":"article","og_title":"Cabelos Comportado 350g Explos\u00e3o de Cachos","og_description":"Cabelo Comportado 350g Explos\u00e3o de Cachos, produto para cabelos, redu\u00e7\u00e3o de volume, elimina\u00e7\u00e3o do frizz, promo\u00e7\u00e3o de brilho intenso, manuten\u00e7\u00e3o do aspecto molhado na fibra, nutrirepara\u00e7\u00e3o e densifica\u00e7\u00e3o aos fios, reposi\u00e7\u00e3o de massa.","og_url":"https:\/\/probelle.com.br\/en\/produto\/cabelos-comportado-350g\/","og_site_name":"Probelle Cosm\u00e9ticos","article_publisher":"https:\/\/www.facebook.com\/probelle\/","article_modified_time":"2024-07-17T02:46:50+00:00","og_image":[{"width":1024,"height":1024,"url":"https:\/\/probelle.com.br\/wp-content\/uploads\/2023\/07\/explosao-de-cachos-comportados-350g-F.jpg","type":"image\/jpeg"}],"twitter_card":"summary_large_image","twitter_misc":{"Est. reading time":"1 minute"},"schema":{"@context":"https:\/\/schema.org","@graph":[{"@type":"WebPage","@id":"https:\/\/probelle.com.br\/en\/produto\/cabelos-comportado-350g\/","url":"https:\/\/probelle.com.br\/en\/produto\/cabelos-comportado-350g\/","name":"Cabelos Comportado 350g Explos\u00e3o de Cachos ~ Probelle Cosm\u00e9ticos","isPartOf":{"@id":"https:\/\/probelle.com.br\/en\/#website"},"primaryImageOfPage":{"@id":"https:\/\/probelle.com.br\/en\/produto\/cabelos-comportado-350g\/#primaryimage"},"image":{"@id":"https:\/\/probelle.com.br\/en\/produto\/cabelos-comportado-350g\/#primaryimage"},"thumbnailUrl":"https:\/\/probelle.com.br\/wp-content\/uploads\/2023\/07\/explosao-de-cachos-comportados-350g-F.jpg","datePublished":"2023-07-28T17:34:57+00:00","dateModified":"2024-07-17T02:46:50+00:00","description":"Cabelo Comportado 350g Explos\u00e3o de Cachos, produto para cabelos, redu\u00e7\u00e3o de volume, elimina\u00e7\u00e3o do frizz, promo\u00e7\u00e3o de brilho intenso, manuten\u00e7\u00e3o do aspecto molhado na fibra, nutrirepara\u00e7\u00e3o e densifica\u00e7\u00e3o aos fios, reposi\u00e7\u00e3o de massa.","breadcrumb":{"@id":"https:\/\/probelle.com.br\/en\/produto\/cabelos-comportado-350g\/#breadcrumb"},"inLanguage":"en-US","potentialAction":[{"@type":"ReadAction","target":["https:\/\/probelle.com.br\/en\/produto\/cabelos-comportado-350g\/"]}]},{"@type":"ImageObject","inLanguage":"en-US","@id":"https:\/\/probelle.com.br\/en\/produto\/cabelos-comportado-350g\/#primaryimage","url":"https:\/\/probelle.com.br\/wp-content\/uploads\/2023\/07\/explosao-de-cachos-comportados-350g-F.jpg","contentUrl":"https:\/\/probelle.com.br\/wp-content\/uploads\/2023\/07\/explosao-de-cachos-comportados-350g-F.jpg","width":1024,"height":1024},{"@type":"BreadcrumbList","@id":"https:\/\/probelle.com.br\/en\/produto\/cabelos-comportado-350g\/#breadcrumb","itemListElement":[{"@type":"ListItem","position":1,"name":"Home","item":"https:\/\/probelle.com.br\/en\/"},{"@type":"ListItem","position":2,"name":"Loja","item":"https:\/\/probelle.com.br\/loja\/"},{"@type":"ListItem","position":3,"name":"Cabelos Comportado 350g Explos\u00e3o de Cachos"}]},{"@type":"WebSite","@id":"https:\/\/probelle.com.br\/en\/#website","url":"https:\/\/probelle.com.br\/en\/","name":"Probelle Cosm\u00e9ticos","description":"Todo mundo tem em casa.","publisher":{"@id":"https:\/\/probelle.com.br\/en\/#organization"},"potentialAction":[{"@type":"SearchAction","target":{"@type":"EntryPoint","urlTemplate":"https:\/\/probelle.com.br\/en\/?s={search_term_string}"},"query-input":{"@type":"PropertyValueSpecification","valueRequired":true,"valueName":"search_term_string"}}],"inLanguage":"en-US"},{"@type":"Organization","@id":"https:\/\/probelle.com.br\/en\/#organization","name":"Probelle Cosm\u00e9ticos","url":"https:\/\/probelle.com.br\/en\/","logo":{"@type":"ImageObject","inLanguage":"en-US","@id":"https:\/\/probelle.com.br\/en\/#\/schema\/logo\/image\/","url":"https:\/\/probelle.com.br\/wp-content\/uploads\/2022\/08\/Para-o-sitee.jpg","contentUrl":"https:\/\/probelle.com.br\/wp-content\/uploads\/2022\/08\/Para-o-sitee.jpg","width":1000,"height":750,"caption":"Probelle Cosm\u00e9ticos"},"image":{"@id":"https:\/\/probelle.com.br\/en\/#\/schema\/logo\/image\/"},"sameAs":["https:\/\/www.facebook.com\/probelle\/","https:\/\/www.instagram.com\/probellecosmeticos\/","https:\/\/www.youtube.com\/c\/ProbelleCosm\u00e9ticos\/","https:\/\/br.linkedin.com\/company\/probellecosmeticos","https:\/\/br.pinterest.com\/probellecosmeticos\/"]}]}},"_links":{"self":[{"href":"https:\/\/probelle.com.br\/en\/wp-json\/wp\/v2\/product\/23038","targetHints":{"allow":["GET"]}}],"collection":[{"href":"https:\/\/probelle.com.br\/en\/wp-json\/wp\/v2\/product"}],"about":[{"href":"https:\/\/probelle.com.br\/en\/wp-json\/wp\/v2\/types\/product"}],"wp:featuredmedia":[{"embeddable":true,"href":"https:\/\/probelle.com.br\/en\/wp-json\/wp\/v2\/media\/24119"}],"wp:attachment":[{"href":"https:\/\/probelle.com.br\/en\/wp-json\/wp\/v2\/media?parent=23038"}],"wp:term":[{"taxonomy":"product_brand","embeddable":true,"href":"https:\/\/probelle.com.br\/en\/wp-json\/wp\/v2\/product_brand?post=23038"},{"taxonomy":"product_cat","embeddable":true,"href":"https:\/\/probelle.com.br\/en\/wp-json\/wp\/v2\/product_cat?post=23038"},{"taxonomy":"product_tag","embeddable":true,"href":"https:\/\/probelle.com.br\/en\/wp-json\/wp\/v2\/product_tag?post=23038"}],"curies":[{"name":"wp","href":"https:\/\/api.w.org\/{rel}","templated":true}]}}