{"id":23017,"date":"2023-07-28T14:34:49","date_gmt":"2023-07-28T17:34:49","guid":{"rendered":"https:\/\/probelle.com.br\/produto\/shampoo-250ml-2\/"},"modified":"2025-02-17T09:20:13","modified_gmt":"2025-02-17T12:20:13","slug":"shampoo-400ml-lumino-max-anti-ressecamento","status":"publish","type":"product","link":"https:\/\/probelle.com.br\/en\/produto\/shampoo-400ml-lumino-max-anti-ressecamento\/","title":{"rendered":"Shampoo Lumino Max Anti-Ressecamento 400mL"},"content":{"rendered":"<p>O Shampoo 250mL Lumino Max Anti-Ressecamento \u00e9 especialmente formulado com ingredientes que ajudam a limpar com delicadeza e suavidade os cabelos sensibilizados, recuperar a fibra capilar danificada e ressecada pela a\u00e7\u00e3o do tempo. O produto tamb\u00e9m cont\u00e9m \u00f3leo de r\u00edcino, d-pantenol e 14 amino\u00e1cidos, que ajudam a hidratar, proteger e fortalecer os fios.<\/p>\n<p>O resultado \u00e9 um cabelo mais saud\u00e1vel, hidratado e com brilho.<\/p>\n<p>Aqui est\u00e3o alguns dos benef\u00edcios do Shampoo Lumino Max Anti-Ressecamento:<\/p>\n<ul>\n<li style=\"list-style-type: none;\">\n<ul>\n<li>Limpa com delicadeza e suavidade os cabelos sensibilizados<\/li>\n<li>Recupera a fibra capilar danificada e ressecada pela a\u00e7\u00e3o do tempo<\/li>\n<li>Hidrata, protege e fortalece os fios<\/li>\n<li>Proporciona brilho aos cabelos<\/li>\n<\/ul>\n<\/li>\n<\/ul>\n<p>Se voc\u00ea est\u00e1 procurando um produto que possa ajudar voc\u00ea a cuidar dos seus cabelos, o Shampoo Lumino Max Anti-Ressecamento \u00e9 uma \u00f3tima op\u00e7\u00e3o.<\/p>\n","protected":false},"excerpt":{"rendered":"<p>O Shampoo Lumino Max Anti-Ressecamento \u00e9 um produto de alta qualidade que vai ajudar voc\u00ea a limpar com delicadeza e suavidade os cabelos sensibilizados, recuperar a fibra capilar danificada e ressecada pela a\u00e7\u00e3o do tempo.<\/p>\n","protected":false},"featured_media":33579,"template":"","meta":{"_joinchat":[]},"product_brand":[],"product_cat":[214],"product_tag":[594],"class_list":{"0":"post-23017","1":"product","2":"type-product","3":"status-publish","4":"has-post-thumbnail","6":"product_cat-home-care","7":"product_tag-produtos-probelle","9":"first","10":"instock","11":"shipping-taxable","12":"purchasable","13":"product-type-simple"},"yoast_head":"<!-- This site is optimized with the Yoast SEO Premium plugin v23.5 (Yoast SEO v26.5) - https:\/\/yoast.com\/wordpress\/plugins\/seo\/ -->\n<title>Shampoo Lumino Max Anti-Ressecamento 400mL ~ Probelle Cosm\u00e9ticos<\/title>\n<meta name=\"description\" content=\"Shampoo Lumino Max Anti-Ressecamento, produto para cabelos, limpeza delicada, recupera\u00e7\u00e3o da fibra capilar danificada e ressecada, hidrata\u00e7\u00e3o, prote\u00e7\u00e3o, fortalecimento, brilho.\" \/>\n<meta name=\"robots\" content=\"index, follow, max-snippet:-1, max-image-preview:large, max-video-preview:-1\" \/>\n<link rel=\"canonical\" href=\"https:\/\/probelle.com.br\/en\/produto\/shampoo-400ml-lumino-max-anti-ressecamento\/\" \/>\n<meta property=\"og:locale\" content=\"en_US\" \/>\n<meta property=\"og:type\" content=\"article\" \/>\n<meta property=\"og:title\" content=\"Shampoo Lumino Max Anti-Ressecamento 400mL\" \/>\n<meta property=\"og:description\" content=\"Shampoo Lumino Max Anti-Ressecamento, produto para cabelos, limpeza delicada, recupera\u00e7\u00e3o da fibra capilar danificada e ressecada, hidrata\u00e7\u00e3o, prote\u00e7\u00e3o, fortalecimento, brilho.\" \/>\n<meta property=\"og:url\" content=\"https:\/\/probelle.com.br\/en\/produto\/shampoo-400ml-lumino-max-anti-ressecamento\/\" \/>\n<meta property=\"og:site_name\" content=\"Probelle Cosm\u00e9ticos\" \/>\n<meta property=\"article:publisher\" content=\"https:\/\/www.facebook.com\/probelle\/\" \/>\n<meta property=\"article:modified_time\" content=\"2025-02-17T12:20:13+00:00\" \/>\n<meta property=\"og:image\" content=\"https:\/\/probelle.com.br\/wp-content\/uploads\/2023\/07\/Shampoo-Lumino-Max-Anti-Ressecamento.png\" \/>\n\t<meta property=\"og:image:width\" content=\"400\" \/>\n\t<meta property=\"og:image:height\" content=\"400\" \/>\n\t<meta property=\"og:image:type\" content=\"image\/png\" \/>\n<meta name=\"twitter:card\" content=\"summary_large_image\" \/>\n<meta name=\"twitter:label1\" content=\"Est. reading time\" \/>\n\t<meta name=\"twitter:data1\" content=\"1 minute\" \/>\n<script type=\"application\/ld+json\" class=\"yoast-schema-graph\">{\"@context\":\"https:\/\/schema.org\",\"@graph\":[{\"@type\":\"WebPage\",\"@id\":\"https:\/\/probelle.com.br\/en\/produto\/shampoo-400ml-lumino-max-anti-ressecamento\/\",\"url\":\"https:\/\/probelle.com.br\/en\/produto\/shampoo-400ml-lumino-max-anti-ressecamento\/\",\"name\":\"Shampoo Lumino Max Anti-Ressecamento 400mL ~ Probelle Cosm\u00e9ticos\",\"isPartOf\":{\"@id\":\"https:\/\/probelle.com.br\/en\/#website\"},\"primaryImageOfPage\":{\"@id\":\"https:\/\/probelle.com.br\/en\/produto\/shampoo-400ml-lumino-max-anti-ressecamento\/#primaryimage\"},\"image\":{\"@id\":\"https:\/\/probelle.com.br\/en\/produto\/shampoo-400ml-lumino-max-anti-ressecamento\/#primaryimage\"},\"thumbnailUrl\":\"https:\/\/probelle.com.br\/wp-content\/uploads\/2023\/07\/Shampoo-Lumino-Max-Anti-Ressecamento.png\",\"datePublished\":\"2023-07-28T17:34:49+00:00\",\"dateModified\":\"2025-02-17T12:20:13+00:00\",\"description\":\"Shampoo Lumino Max Anti-Ressecamento, produto para cabelos, limpeza delicada, recupera\u00e7\u00e3o da fibra capilar danificada e ressecada, hidrata\u00e7\u00e3o, prote\u00e7\u00e3o, fortalecimento, brilho.\",\"breadcrumb\":{\"@id\":\"https:\/\/probelle.com.br\/en\/produto\/shampoo-400ml-lumino-max-anti-ressecamento\/#breadcrumb\"},\"inLanguage\":\"en-US\",\"potentialAction\":[{\"@type\":\"ReadAction\",\"target\":[\"https:\/\/probelle.com.br\/en\/produto\/shampoo-400ml-lumino-max-anti-ressecamento\/\"]}]},{\"@type\":\"ImageObject\",\"inLanguage\":\"en-US\",\"@id\":\"https:\/\/probelle.com.br\/en\/produto\/shampoo-400ml-lumino-max-anti-ressecamento\/#primaryimage\",\"url\":\"https:\/\/probelle.com.br\/wp-content\/uploads\/2023\/07\/Shampoo-Lumino-Max-Anti-Ressecamento.png\",\"contentUrl\":\"https:\/\/probelle.com.br\/wp-content\/uploads\/2023\/07\/Shampoo-Lumino-Max-Anti-Ressecamento.png\",\"width\":400,\"height\":400,\"caption\":\"Shampoo Lumino Max Anti Ressecamento\"},{\"@type\":\"BreadcrumbList\",\"@id\":\"https:\/\/probelle.com.br\/en\/produto\/shampoo-400ml-lumino-max-anti-ressecamento\/#breadcrumb\",\"itemListElement\":[{\"@type\":\"ListItem\",\"position\":1,\"name\":\"Home\",\"item\":\"https:\/\/probelle.com.br\/en\/\"},{\"@type\":\"ListItem\",\"position\":2,\"name\":\"Loja\",\"item\":\"https:\/\/probelle.com.br\/loja\/\"},{\"@type\":\"ListItem\",\"position\":3,\"name\":\"Shampoo Lumino Max Anti-Ressecamento 400mL\"}]},{\"@type\":\"WebSite\",\"@id\":\"https:\/\/probelle.com.br\/en\/#website\",\"url\":\"https:\/\/probelle.com.br\/en\/\",\"name\":\"Probelle Cosm\u00e9ticos\",\"description\":\"Todo mundo tem em casa.\",\"publisher\":{\"@id\":\"https:\/\/probelle.com.br\/en\/#organization\"},\"potentialAction\":[{\"@type\":\"SearchAction\",\"target\":{\"@type\":\"EntryPoint\",\"urlTemplate\":\"https:\/\/probelle.com.br\/en\/?s={search_term_string}\"},\"query-input\":{\"@type\":\"PropertyValueSpecification\",\"valueRequired\":true,\"valueName\":\"search_term_string\"}}],\"inLanguage\":\"en-US\"},{\"@type\":\"Organization\",\"@id\":\"https:\/\/probelle.com.br\/en\/#organization\",\"name\":\"Probelle Cosm\u00e9ticos\",\"url\":\"https:\/\/probelle.com.br\/en\/\",\"logo\":{\"@type\":\"ImageObject\",\"inLanguage\":\"en-US\",\"@id\":\"https:\/\/probelle.com.br\/en\/#\/schema\/logo\/image\/\",\"url\":\"https:\/\/probelle.com.br\/wp-content\/uploads\/2022\/08\/Para-o-sitee.jpg\",\"contentUrl\":\"https:\/\/probelle.com.br\/wp-content\/uploads\/2022\/08\/Para-o-sitee.jpg\",\"width\":1000,\"height\":750,\"caption\":\"Probelle Cosm\u00e9ticos\"},\"image\":{\"@id\":\"https:\/\/probelle.com.br\/en\/#\/schema\/logo\/image\/\"},\"sameAs\":[\"https:\/\/www.facebook.com\/probelle\/\",\"https:\/\/www.instagram.com\/probellecosmeticos\/\",\"https:\/\/www.youtube.com\/c\/ProbelleCosm\u00e9ticos\/\",\"https:\/\/br.linkedin.com\/company\/probellecosmeticos\",\"https:\/\/br.pinterest.com\/probellecosmeticos\/\"]}]}<\/script>\n<!-- \/ Yoast SEO Premium plugin. -->","yoast_head_json":{"title":"Shampoo Lumino Max Anti-Ressecamento 400mL ~ Probelle Cosm\u00e9ticos","description":"Shampoo Lumino Max Anti-Ressecamento, produto para cabelos, limpeza delicada, recupera\u00e7\u00e3o da fibra capilar danificada e ressecada, hidrata\u00e7\u00e3o, prote\u00e7\u00e3o, fortalecimento, brilho.","robots":{"index":"index","follow":"follow","max-snippet":"max-snippet:-1","max-image-preview":"max-image-preview:large","max-video-preview":"max-video-preview:-1"},"canonical":"https:\/\/probelle.com.br\/en\/produto\/shampoo-400ml-lumino-max-anti-ressecamento\/","og_locale":"en_US","og_type":"article","og_title":"Shampoo Lumino Max Anti-Ressecamento 400mL","og_description":"Shampoo Lumino Max Anti-Ressecamento, produto para cabelos, limpeza delicada, recupera\u00e7\u00e3o da fibra capilar danificada e ressecada, hidrata\u00e7\u00e3o, prote\u00e7\u00e3o, fortalecimento, brilho.","og_url":"https:\/\/probelle.com.br\/en\/produto\/shampoo-400ml-lumino-max-anti-ressecamento\/","og_site_name":"Probelle Cosm\u00e9ticos","article_publisher":"https:\/\/www.facebook.com\/probelle\/","article_modified_time":"2025-02-17T12:20:13+00:00","og_image":[{"width":400,"height":400,"url":"https:\/\/probelle.com.br\/wp-content\/uploads\/2023\/07\/Shampoo-Lumino-Max-Anti-Ressecamento.png","type":"image\/png"}],"twitter_card":"summary_large_image","twitter_misc":{"Est. reading time":"1 minute"},"schema":{"@context":"https:\/\/schema.org","@graph":[{"@type":"WebPage","@id":"https:\/\/probelle.com.br\/en\/produto\/shampoo-400ml-lumino-max-anti-ressecamento\/","url":"https:\/\/probelle.com.br\/en\/produto\/shampoo-400ml-lumino-max-anti-ressecamento\/","name":"Shampoo Lumino Max Anti-Ressecamento 400mL ~ Probelle Cosm\u00e9ticos","isPartOf":{"@id":"https:\/\/probelle.com.br\/en\/#website"},"primaryImageOfPage":{"@id":"https:\/\/probelle.com.br\/en\/produto\/shampoo-400ml-lumino-max-anti-ressecamento\/#primaryimage"},"image":{"@id":"https:\/\/probelle.com.br\/en\/produto\/shampoo-400ml-lumino-max-anti-ressecamento\/#primaryimage"},"thumbnailUrl":"https:\/\/probelle.com.br\/wp-content\/uploads\/2023\/07\/Shampoo-Lumino-Max-Anti-Ressecamento.png","datePublished":"2023-07-28T17:34:49+00:00","dateModified":"2025-02-17T12:20:13+00:00","description":"Shampoo Lumino Max Anti-Ressecamento, produto para cabelos, limpeza delicada, recupera\u00e7\u00e3o da fibra capilar danificada e ressecada, hidrata\u00e7\u00e3o, prote\u00e7\u00e3o, fortalecimento, brilho.","breadcrumb":{"@id":"https:\/\/probelle.com.br\/en\/produto\/shampoo-400ml-lumino-max-anti-ressecamento\/#breadcrumb"},"inLanguage":"en-US","potentialAction":[{"@type":"ReadAction","target":["https:\/\/probelle.com.br\/en\/produto\/shampoo-400ml-lumino-max-anti-ressecamento\/"]}]},{"@type":"ImageObject","inLanguage":"en-US","@id":"https:\/\/probelle.com.br\/en\/produto\/shampoo-400ml-lumino-max-anti-ressecamento\/#primaryimage","url":"https:\/\/probelle.com.br\/wp-content\/uploads\/2023\/07\/Shampoo-Lumino-Max-Anti-Ressecamento.png","contentUrl":"https:\/\/probelle.com.br\/wp-content\/uploads\/2023\/07\/Shampoo-Lumino-Max-Anti-Ressecamento.png","width":400,"height":400,"caption":"Shampoo Lumino Max Anti Ressecamento"},{"@type":"BreadcrumbList","@id":"https:\/\/probelle.com.br\/en\/produto\/shampoo-400ml-lumino-max-anti-ressecamento\/#breadcrumb","itemListElement":[{"@type":"ListItem","position":1,"name":"Home","item":"https:\/\/probelle.com.br\/en\/"},{"@type":"ListItem","position":2,"name":"Loja","item":"https:\/\/probelle.com.br\/loja\/"},{"@type":"ListItem","position":3,"name":"Shampoo Lumino Max Anti-Ressecamento 400mL"}]},{"@type":"WebSite","@id":"https:\/\/probelle.com.br\/en\/#website","url":"https:\/\/probelle.com.br\/en\/","name":"Probelle Cosm\u00e9ticos","description":"Todo mundo tem em casa.","publisher":{"@id":"https:\/\/probelle.com.br\/en\/#organization"},"potentialAction":[{"@type":"SearchAction","target":{"@type":"EntryPoint","urlTemplate":"https:\/\/probelle.com.br\/en\/?s={search_term_string}"},"query-input":{"@type":"PropertyValueSpecification","valueRequired":true,"valueName":"search_term_string"}}],"inLanguage":"en-US"},{"@type":"Organization","@id":"https:\/\/probelle.com.br\/en\/#organization","name":"Probelle Cosm\u00e9ticos","url":"https:\/\/probelle.com.br\/en\/","logo":{"@type":"ImageObject","inLanguage":"en-US","@id":"https:\/\/probelle.com.br\/en\/#\/schema\/logo\/image\/","url":"https:\/\/probelle.com.br\/wp-content\/uploads\/2022\/08\/Para-o-sitee.jpg","contentUrl":"https:\/\/probelle.com.br\/wp-content\/uploads\/2022\/08\/Para-o-sitee.jpg","width":1000,"height":750,"caption":"Probelle Cosm\u00e9ticos"},"image":{"@id":"https:\/\/probelle.com.br\/en\/#\/schema\/logo\/image\/"},"sameAs":["https:\/\/www.facebook.com\/probelle\/","https:\/\/www.instagram.com\/probellecosmeticos\/","https:\/\/www.youtube.com\/c\/ProbelleCosm\u00e9ticos\/","https:\/\/br.linkedin.com\/company\/probellecosmeticos","https:\/\/br.pinterest.com\/probellecosmeticos\/"]}]}},"_links":{"self":[{"href":"https:\/\/probelle.com.br\/en\/wp-json\/wp\/v2\/product\/23017","targetHints":{"allow":["GET"]}}],"collection":[{"href":"https:\/\/probelle.com.br\/en\/wp-json\/wp\/v2\/product"}],"about":[{"href":"https:\/\/probelle.com.br\/en\/wp-json\/wp\/v2\/types\/product"}],"wp:featuredmedia":[{"embeddable":true,"href":"https:\/\/probelle.com.br\/en\/wp-json\/wp\/v2\/media\/33579"}],"wp:attachment":[{"href":"https:\/\/probelle.com.br\/en\/wp-json\/wp\/v2\/media?parent=23017"}],"wp:term":[{"taxonomy":"product_brand","embeddable":true,"href":"https:\/\/probelle.com.br\/en\/wp-json\/wp\/v2\/product_brand?post=23017"},{"taxonomy":"product_cat","embeddable":true,"href":"https:\/\/probelle.com.br\/en\/wp-json\/wp\/v2\/product_cat?post=23017"},{"taxonomy":"product_tag","embeddable":true,"href":"https:\/\/probelle.com.br\/en\/wp-json\/wp\/v2\/product_tag?post=23017"}],"curies":[{"name":"wp","href":"https:\/\/api.w.org\/{rel}","templated":true}]}}