{"id":23014,"date":"2023-07-28T14:34:48","date_gmt":"2023-07-28T17:34:48","guid":{"rendered":"https:\/\/probelle.com.br\/produto\/soro-corretor-lumino-max-100ml\/"},"modified":"2025-02-10T08:21:18","modified_gmt":"2025-02-10T11:21:18","slug":"soro-corretor-lumino-max-100ml","status":"publish","type":"product","link":"https:\/\/probelle.com.br\/en\/produto\/soro-corretor-lumino-max-100ml\/","title":{"rendered":"Soro Corretor Lumino Max 100mL"},"content":{"rendered":"<p>O Soro Corretor Lumino Max 100mL \u00e9 especialmente formulado com \u00f3leo de coco e \u00f3leo de abacate, que possuem a\u00e7\u00e3o termoativa. O produto protege seus cabelos das altas temperaturas da prancha alisadora, devolve o movimento natural e d\u00e1 brilho. O Soro Corretor Lumino Max 100mL tamb\u00e9m possui mat\u00e9rias primas de baixo peso molecular e alta penetra\u00e7\u00e3o na fibra, com efeito de longa dura\u00e7\u00e3o.<\/p>\n","protected":false},"excerpt":{"rendered":"<p>O Soro Corretor Lumino Max 100mL \u00e9 um produto de alta qualidade que vai ajudar voc\u00ea a proteger seus cabelos das altas temperaturas da prancha alisadora, devolver o movimento natural e dar brilho.<\/p>\n","protected":false},"featured_media":32298,"template":"","meta":{"_joinchat":[]},"product_brand":[],"product_cat":[597],"product_tag":[594],"class_list":{"0":"post-23014","1":"product","2":"type-product","3":"status-publish","4":"has-post-thumbnail","6":"product_cat-oleos-e-sprays","7":"product_tag-produtos-probelle","9":"first","10":"outofstock","11":"shipping-taxable","12":"purchasable","13":"product-type-simple"},"yoast_head":"<!-- This site is optimized with the Yoast SEO Premium plugin v23.5 (Yoast SEO v26.5) - https:\/\/yoast.com\/wordpress\/plugins\/seo\/ -->\n<title>Soro Corretor Lumino Max 100mL ~ Probelle Cosm\u00e9ticos<\/title>\n<meta name=\"description\" content=\"Soro Corretor Lumino Max 100mL, produto para cabelos, prote\u00e7\u00e3o contra altas temperaturas, restaura\u00e7\u00e3o do movimento natural, brilho, \u00f3leo de coco, \u00f3leo de abacate, a\u00e7\u00e3o termoativa, mat\u00e9rias primas de baixo peso molecular, alta penetra\u00e7\u00e3o na fibra, efeito de longa dura\u00e7\u00e3o.\" \/>\n<meta name=\"robots\" content=\"index, follow, max-snippet:-1, max-image-preview:large, max-video-preview:-1\" \/>\n<link rel=\"canonical\" href=\"https:\/\/probelle.com.br\/en\/produto\/soro-corretor-lumino-max-100ml\/\" \/>\n<meta property=\"og:locale\" content=\"en_US\" \/>\n<meta property=\"og:type\" content=\"article\" \/>\n<meta property=\"og:title\" content=\"Soro Corretor Lumino Max 100mL\" \/>\n<meta property=\"og:description\" content=\"Soro Corretor Lumino Max 100mL, produto para cabelos, prote\u00e7\u00e3o contra altas temperaturas, restaura\u00e7\u00e3o do movimento natural, brilho, \u00f3leo de coco, \u00f3leo de abacate, a\u00e7\u00e3o termoativa, mat\u00e9rias primas de baixo peso molecular, alta penetra\u00e7\u00e3o na fibra, efeito de longa dura\u00e7\u00e3o.\" \/>\n<meta property=\"og:url\" content=\"https:\/\/probelle.com.br\/en\/produto\/soro-corretor-lumino-max-100ml\/\" \/>\n<meta property=\"og:site_name\" content=\"Probelle Cosm\u00e9ticos\" \/>\n<meta property=\"article:publisher\" content=\"https:\/\/www.facebook.com\/probelle\/\" \/>\n<meta property=\"article:modified_time\" content=\"2025-02-10T11:21:18+00:00\" \/>\n<meta property=\"og:image\" content=\"https:\/\/probelle.com.br\/wp-content\/uploads\/2023\/07\/Thumbnail-Sites-19.png\" \/>\n\t<meta property=\"og:image:width\" content=\"400\" \/>\n\t<meta property=\"og:image:height\" content=\"400\" \/>\n\t<meta property=\"og:image:type\" content=\"image\/png\" \/>\n<meta name=\"twitter:card\" content=\"summary_large_image\" \/>\n<meta name=\"twitter:label1\" content=\"Est. reading time\" \/>\n\t<meta name=\"twitter:data1\" content=\"1 minute\" \/>\n<script type=\"application\/ld+json\" class=\"yoast-schema-graph\">{\"@context\":\"https:\/\/schema.org\",\"@graph\":[{\"@type\":\"WebPage\",\"@id\":\"https:\/\/probelle.com.br\/en\/produto\/soro-corretor-lumino-max-100ml\/\",\"url\":\"https:\/\/probelle.com.br\/en\/produto\/soro-corretor-lumino-max-100ml\/\",\"name\":\"Soro Corretor Lumino Max 100mL ~ Probelle Cosm\u00e9ticos\",\"isPartOf\":{\"@id\":\"https:\/\/probelle.com.br\/en\/#website\"},\"primaryImageOfPage\":{\"@id\":\"https:\/\/probelle.com.br\/en\/produto\/soro-corretor-lumino-max-100ml\/#primaryimage\"},\"image\":{\"@id\":\"https:\/\/probelle.com.br\/en\/produto\/soro-corretor-lumino-max-100ml\/#primaryimage\"},\"thumbnailUrl\":\"https:\/\/probelle.com.br\/wp-content\/uploads\/2023\/07\/Thumbnail-Sites-19.png\",\"datePublished\":\"2023-07-28T17:34:48+00:00\",\"dateModified\":\"2025-02-10T11:21:18+00:00\",\"description\":\"Soro Corretor Lumino Max 100mL, produto para cabelos, prote\u00e7\u00e3o contra altas temperaturas, restaura\u00e7\u00e3o do movimento natural, brilho, \u00f3leo de coco, \u00f3leo de abacate, a\u00e7\u00e3o termoativa, mat\u00e9rias primas de baixo peso molecular, alta penetra\u00e7\u00e3o na fibra, efeito de longa dura\u00e7\u00e3o.\",\"breadcrumb\":{\"@id\":\"https:\/\/probelle.com.br\/en\/produto\/soro-corretor-lumino-max-100ml\/#breadcrumb\"},\"inLanguage\":\"en-US\",\"potentialAction\":[{\"@type\":\"ReadAction\",\"target\":[\"https:\/\/probelle.com.br\/en\/produto\/soro-corretor-lumino-max-100ml\/\"]}]},{\"@type\":\"ImageObject\",\"inLanguage\":\"en-US\",\"@id\":\"https:\/\/probelle.com.br\/en\/produto\/soro-corretor-lumino-max-100ml\/#primaryimage\",\"url\":\"https:\/\/probelle.com.br\/wp-content\/uploads\/2023\/07\/Thumbnail-Sites-19.png\",\"contentUrl\":\"https:\/\/probelle.com.br\/wp-content\/uploads\/2023\/07\/Thumbnail-Sites-19.png\",\"width\":400,\"height\":400},{\"@type\":\"BreadcrumbList\",\"@id\":\"https:\/\/probelle.com.br\/en\/produto\/soro-corretor-lumino-max-100ml\/#breadcrumb\",\"itemListElement\":[{\"@type\":\"ListItem\",\"position\":1,\"name\":\"Home\",\"item\":\"https:\/\/probelle.com.br\/en\/\"},{\"@type\":\"ListItem\",\"position\":2,\"name\":\"Loja\",\"item\":\"https:\/\/probelle.com.br\/loja\/\"},{\"@type\":\"ListItem\",\"position\":3,\"name\":\"Soro Corretor Lumino Max 100mL\"}]},{\"@type\":\"WebSite\",\"@id\":\"https:\/\/probelle.com.br\/en\/#website\",\"url\":\"https:\/\/probelle.com.br\/en\/\",\"name\":\"Probelle Cosm\u00e9ticos\",\"description\":\"Todo mundo tem em casa.\",\"publisher\":{\"@id\":\"https:\/\/probelle.com.br\/en\/#organization\"},\"potentialAction\":[{\"@type\":\"SearchAction\",\"target\":{\"@type\":\"EntryPoint\",\"urlTemplate\":\"https:\/\/probelle.com.br\/en\/?s={search_term_string}\"},\"query-input\":{\"@type\":\"PropertyValueSpecification\",\"valueRequired\":true,\"valueName\":\"search_term_string\"}}],\"inLanguage\":\"en-US\"},{\"@type\":\"Organization\",\"@id\":\"https:\/\/probelle.com.br\/en\/#organization\",\"name\":\"Probelle Cosm\u00e9ticos\",\"url\":\"https:\/\/probelle.com.br\/en\/\",\"logo\":{\"@type\":\"ImageObject\",\"inLanguage\":\"en-US\",\"@id\":\"https:\/\/probelle.com.br\/en\/#\/schema\/logo\/image\/\",\"url\":\"https:\/\/probelle.com.br\/wp-content\/uploads\/2022\/08\/Para-o-sitee.jpg\",\"contentUrl\":\"https:\/\/probelle.com.br\/wp-content\/uploads\/2022\/08\/Para-o-sitee.jpg\",\"width\":1000,\"height\":750,\"caption\":\"Probelle Cosm\u00e9ticos\"},\"image\":{\"@id\":\"https:\/\/probelle.com.br\/en\/#\/schema\/logo\/image\/\"},\"sameAs\":[\"https:\/\/www.facebook.com\/probelle\/\",\"https:\/\/www.instagram.com\/probellecosmeticos\/\",\"https:\/\/www.youtube.com\/c\/ProbelleCosm\u00e9ticos\/\",\"https:\/\/br.linkedin.com\/company\/probellecosmeticos\",\"https:\/\/br.pinterest.com\/probellecosmeticos\/\"]}]}<\/script>\n<!-- \/ Yoast SEO Premium plugin. -->","yoast_head_json":{"title":"Soro Corretor Lumino Max 100mL ~ Probelle Cosm\u00e9ticos","description":"Soro Corretor Lumino Max 100mL, produto para cabelos, prote\u00e7\u00e3o contra altas temperaturas, restaura\u00e7\u00e3o do movimento natural, brilho, \u00f3leo de coco, \u00f3leo de abacate, a\u00e7\u00e3o termoativa, mat\u00e9rias primas de baixo peso molecular, alta penetra\u00e7\u00e3o na fibra, efeito de longa dura\u00e7\u00e3o.","robots":{"index":"index","follow":"follow","max-snippet":"max-snippet:-1","max-image-preview":"max-image-preview:large","max-video-preview":"max-video-preview:-1"},"canonical":"https:\/\/probelle.com.br\/en\/produto\/soro-corretor-lumino-max-100ml\/","og_locale":"en_US","og_type":"article","og_title":"Soro Corretor Lumino Max 100mL","og_description":"Soro Corretor Lumino Max 100mL, produto para cabelos, prote\u00e7\u00e3o contra altas temperaturas, restaura\u00e7\u00e3o do movimento natural, brilho, \u00f3leo de coco, \u00f3leo de abacate, a\u00e7\u00e3o termoativa, mat\u00e9rias primas de baixo peso molecular, alta penetra\u00e7\u00e3o na fibra, efeito de longa dura\u00e7\u00e3o.","og_url":"https:\/\/probelle.com.br\/en\/produto\/soro-corretor-lumino-max-100ml\/","og_site_name":"Probelle Cosm\u00e9ticos","article_publisher":"https:\/\/www.facebook.com\/probelle\/","article_modified_time":"2025-02-10T11:21:18+00:00","og_image":[{"width":400,"height":400,"url":"https:\/\/probelle.com.br\/wp-content\/uploads\/2023\/07\/Thumbnail-Sites-19.png","type":"image\/png"}],"twitter_card":"summary_large_image","twitter_misc":{"Est. reading time":"1 minute"},"schema":{"@context":"https:\/\/schema.org","@graph":[{"@type":"WebPage","@id":"https:\/\/probelle.com.br\/en\/produto\/soro-corretor-lumino-max-100ml\/","url":"https:\/\/probelle.com.br\/en\/produto\/soro-corretor-lumino-max-100ml\/","name":"Soro Corretor Lumino Max 100mL ~ Probelle Cosm\u00e9ticos","isPartOf":{"@id":"https:\/\/probelle.com.br\/en\/#website"},"primaryImageOfPage":{"@id":"https:\/\/probelle.com.br\/en\/produto\/soro-corretor-lumino-max-100ml\/#primaryimage"},"image":{"@id":"https:\/\/probelle.com.br\/en\/produto\/soro-corretor-lumino-max-100ml\/#primaryimage"},"thumbnailUrl":"https:\/\/probelle.com.br\/wp-content\/uploads\/2023\/07\/Thumbnail-Sites-19.png","datePublished":"2023-07-28T17:34:48+00:00","dateModified":"2025-02-10T11:21:18+00:00","description":"Soro Corretor Lumino Max 100mL, produto para cabelos, prote\u00e7\u00e3o contra altas temperaturas, restaura\u00e7\u00e3o do movimento natural, brilho, \u00f3leo de coco, \u00f3leo de abacate, a\u00e7\u00e3o termoativa, mat\u00e9rias primas de baixo peso molecular, alta penetra\u00e7\u00e3o na fibra, efeito de longa dura\u00e7\u00e3o.","breadcrumb":{"@id":"https:\/\/probelle.com.br\/en\/produto\/soro-corretor-lumino-max-100ml\/#breadcrumb"},"inLanguage":"en-US","potentialAction":[{"@type":"ReadAction","target":["https:\/\/probelle.com.br\/en\/produto\/soro-corretor-lumino-max-100ml\/"]}]},{"@type":"ImageObject","inLanguage":"en-US","@id":"https:\/\/probelle.com.br\/en\/produto\/soro-corretor-lumino-max-100ml\/#primaryimage","url":"https:\/\/probelle.com.br\/wp-content\/uploads\/2023\/07\/Thumbnail-Sites-19.png","contentUrl":"https:\/\/probelle.com.br\/wp-content\/uploads\/2023\/07\/Thumbnail-Sites-19.png","width":400,"height":400},{"@type":"BreadcrumbList","@id":"https:\/\/probelle.com.br\/en\/produto\/soro-corretor-lumino-max-100ml\/#breadcrumb","itemListElement":[{"@type":"ListItem","position":1,"name":"Home","item":"https:\/\/probelle.com.br\/en\/"},{"@type":"ListItem","position":2,"name":"Loja","item":"https:\/\/probelle.com.br\/loja\/"},{"@type":"ListItem","position":3,"name":"Soro Corretor Lumino Max 100mL"}]},{"@type":"WebSite","@id":"https:\/\/probelle.com.br\/en\/#website","url":"https:\/\/probelle.com.br\/en\/","name":"Probelle Cosm\u00e9ticos","description":"Todo mundo tem em casa.","publisher":{"@id":"https:\/\/probelle.com.br\/en\/#organization"},"potentialAction":[{"@type":"SearchAction","target":{"@type":"EntryPoint","urlTemplate":"https:\/\/probelle.com.br\/en\/?s={search_term_string}"},"query-input":{"@type":"PropertyValueSpecification","valueRequired":true,"valueName":"search_term_string"}}],"inLanguage":"en-US"},{"@type":"Organization","@id":"https:\/\/probelle.com.br\/en\/#organization","name":"Probelle Cosm\u00e9ticos","url":"https:\/\/probelle.com.br\/en\/","logo":{"@type":"ImageObject","inLanguage":"en-US","@id":"https:\/\/probelle.com.br\/en\/#\/schema\/logo\/image\/","url":"https:\/\/probelle.com.br\/wp-content\/uploads\/2022\/08\/Para-o-sitee.jpg","contentUrl":"https:\/\/probelle.com.br\/wp-content\/uploads\/2022\/08\/Para-o-sitee.jpg","width":1000,"height":750,"caption":"Probelle Cosm\u00e9ticos"},"image":{"@id":"https:\/\/probelle.com.br\/en\/#\/schema\/logo\/image\/"},"sameAs":["https:\/\/www.facebook.com\/probelle\/","https:\/\/www.instagram.com\/probellecosmeticos\/","https:\/\/www.youtube.com\/c\/ProbelleCosm\u00e9ticos\/","https:\/\/br.linkedin.com\/company\/probellecosmeticos","https:\/\/br.pinterest.com\/probellecosmeticos\/"]}]}},"_links":{"self":[{"href":"https:\/\/probelle.com.br\/en\/wp-json\/wp\/v2\/product\/23014","targetHints":{"allow":["GET"]}}],"collection":[{"href":"https:\/\/probelle.com.br\/en\/wp-json\/wp\/v2\/product"}],"about":[{"href":"https:\/\/probelle.com.br\/en\/wp-json\/wp\/v2\/types\/product"}],"wp:featuredmedia":[{"embeddable":true,"href":"https:\/\/probelle.com.br\/en\/wp-json\/wp\/v2\/media\/32298"}],"wp:attachment":[{"href":"https:\/\/probelle.com.br\/en\/wp-json\/wp\/v2\/media?parent=23014"}],"wp:term":[{"taxonomy":"product_brand","embeddable":true,"href":"https:\/\/probelle.com.br\/en\/wp-json\/wp\/v2\/product_brand?post=23014"},{"taxonomy":"product_cat","embeddable":true,"href":"https:\/\/probelle.com.br\/en\/wp-json\/wp\/v2\/product_cat?post=23014"},{"taxonomy":"product_tag","embeddable":true,"href":"https:\/\/probelle.com.br\/en\/wp-json\/wp\/v2\/product_tag?post=23014"}],"curies":[{"name":"wp","href":"https:\/\/api.w.org\/{rel}","templated":true}]}}