{"id":20982,"date":"2022-10-13T10:00:12","date_gmt":"2022-10-13T13:00:12","guid":{"rendered":"https:\/\/probelle.com.br\/loiros\/"},"modified":"2024-07-19T14:58:13","modified_gmt":"2024-07-19T17:58:13","slug":"loiros","status":"publish","type":"page","link":"https:\/\/probelle.com.br\/en\/products\/loiros\/","title":{"rendered":"Loiros"},"content":{"rendered":"\t\t<div data-elementor-type=\"wp-page\" data-elementor-id=\"20982\" class=\"elementor elementor-20982 elementor-12659\" data-elementor-post-type=\"page\">\n\t\t\t\t\t\t<section class=\"elementor-section elementor-top-section elementor-element elementor-element-cfe4ceb elementor-section-height-min-height elementor-section-boxed elementor-section-height-default elementor-section-items-middle\" data-id=\"cfe4ceb\" data-element_type=\"section\" data-settings=\"{&quot;background_background&quot;:&quot;classic&quot;}\">\n\t\t\t\t\t\t<div class=\"elementor-container elementor-column-gap-default\">\n\t\t\t\t\t<div class=\"elementor-column elementor-col-50 elementor-top-column elementor-element elementor-element-652f720\" data-id=\"652f720\" data-element_type=\"column\">\n\t\t\t<div class=\"elementor-widget-wrap elementor-element-populated\">\n\t\t\t\t\t\t<div class=\"elementor-element elementor-element-a100301 elementor-widget elementor-widget-heading\" data-id=\"a100301\" data-element_type=\"widget\" data-widget_type=\"heading.default\">\n\t\t\t\t<div class=\"elementor-widget-container\">\n\t\t\t\t\t<h2 class=\"elementor-heading-title elementor-size-default\">Loiros<\/h2>\t\t\t\t<\/div>\n\t\t\t\t<\/div>\n\t\t\t\t<div class=\"elementor-element elementor-element-bc385b9 elementor-widget elementor-widget-text-editor\" data-id=\"bc385b9\" data-element_type=\"widget\" data-widget_type=\"text-editor.default\">\n\t\t\t\t<div class=\"elementor-widget-container\">\n\t\t\t\t\t\t\t\t\t<p>Loiros saud\u00e1veis, com brilho e movimento natural.<\/p>\t\t\t\t\t\t\t\t<\/div>\n\t\t\t\t<\/div>\n\t\t\t\t\t<\/div>\n\t\t<\/div>\n\t\t\t\t<div class=\"elementor-column elementor-col-50 elementor-top-column elementor-element elementor-element-ba34b11\" data-id=\"ba34b11\" data-element_type=\"column\">\n\t\t\t<div class=\"elementor-widget-wrap\">\n\t\t\t\t\t\t\t<\/div>\n\t\t<\/div>\n\t\t\t\t\t<\/div>\n\t\t<\/section>\n\t\t\t\t<section class=\"elementor-section elementor-top-section elementor-element elementor-element-0cf35c9 elementor-section-boxed elementor-section-height-default elementor-section-height-default\" data-id=\"0cf35c9\" data-element_type=\"section\">\n\t\t\t\t\t\t<div class=\"elementor-container elementor-column-gap-default\">\n\t\t\t\t\t<div class=\"elementor-column elementor-col-25 elementor-top-column elementor-element elementor-element-f5f7566\" data-id=\"f5f7566\" data-element_type=\"column\">\n\t\t\t<div class=\"elementor-widget-wrap elementor-element-populated\">\n\t\t\t\t\t\t<div class=\"elementor-element elementor-element-2e8cd9a elementor-widget elementor-widget-image\" data-id=\"2e8cd9a\" data-element_type=\"widget\" data-widget_type=\"image.default\">\n\t\t\t\t<div class=\"elementor-widget-container\">\n\t\t\t\t\t\t\t\t\t\t\t\t\t\t\t<picture><source srcset=\"https:\/\/probelle.com.br\/wp-content\/webp-express\/webp-images\/uploads\/2022\/10\/Agua-Oxigenada-Probelle-Novo.png.webp 500w, https:\/\/probelle.com.br\/wp-content\/webp-express\/webp-images\/uploads\/2022\/10\/Agua-Oxigenada-Probelle-Novo-300x240.png.webp 300w\" sizes=\"100vw\" type=\"image\/webp\"><img fetchpriority=\"high\" decoding=\"async\" width=\"500\" height=\"400\" src=\"https:\/\/probelle.com.br\/wp-content\/uploads\/2022\/10\/Agua-Oxigenada-Probelle-Novo.png\" class=\"attachment-large size-large wp-image-16883 webpexpress-processed\" alt=\"\" srcset=\"https:\/\/probelle.com.br\/wp-content\/uploads\/2022\/10\/Agua-Oxigenada-Probelle-Novo.png 500w, https:\/\/probelle.com.br\/wp-content\/uploads\/2022\/10\/Agua-Oxigenada-Probelle-Novo-300x240.png 300w\" sizes=\"100vw\"><\/picture>\t\t\t\t\t\t\t\t\t\t\t\t\t\t\t<\/div>\n\t\t\t\t<\/div>\n\t\t\t\t<div class=\"elementor-element elementor-element-01cd37b elementor-widget elementor-widget-heading\" data-id=\"01cd37b\" data-element_type=\"widget\" data-widget_type=\"heading.default\">\n\t\t\t\t<div class=\"elementor-widget-container\">\n\t\t\t\t\t<h2 class=\"elementor-heading-title elementor-size-default\">\u00c1gua Oxigenada<\/h2>\t\t\t\t<\/div>\n\t\t\t\t<\/div>\n\t\t\t\t<div class=\"elementor-element elementor-element-c21d8bd elementor-widget elementor-widget-text-editor\" data-id=\"c21d8bd\" data-element_type=\"widget\" data-widget_type=\"text-editor.default\">\n\t\t\t\t<div class=\"elementor-widget-container\">\n\t\t\t\t\t\t\t\t\t<p><span style=\"font-weight: 400;\">Clareamento uniforme sem manchas, f\u00f3rmula com textura cremosa de f\u00e1cil aplica\u00e7\u00e3o.\u00a0<\/span><\/p>\t\t\t\t\t\t\t\t<\/div>\n\t\t\t\t<\/div>\n\t\t\t\t<div class=\"elementor-element elementor-element-909766a elementor-mobile-align-center elementor-icon-list--layout-traditional elementor-list-item-link-full_width elementor-widget elementor-widget-icon-list\" data-id=\"909766a\" data-element_type=\"widget\" data-widget_type=\"icon-list.default\">\n\t\t\t\t<div class=\"elementor-widget-container\">\n\t\t\t\t\t\t\t<ul class=\"elementor-icon-list-items\">\n\t\t\t\t\t\t\t<li class=\"elementor-icon-list-item\">\n\t\t\t\t\t\t\t\t\t\t\t<a href=\"https:\/\/probelle.com.br\/agua-oxigenada\/\">\n\n\t\t\t\t\t\t\t\t\t\t\t\t<span class=\"elementor-icon-list-icon\">\n\t\t\t\t\t\t\t<i aria-hidden=\"true\" class=\"fas fa-chevron-right\"><\/i>\t\t\t\t\t\t<\/span>\n\t\t\t\t\t\t\t\t\t\t<span class=\"elementor-icon-list-text\">Saiba mais<\/span>\n\t\t\t\t\t\t\t\t\t\t\t<\/a>\n\t\t\t\t\t\t\t\t\t<\/li>\n\t\t\t\t\t\t<\/ul>\n\t\t\t\t\t\t<\/div>\n\t\t\t\t<\/div>\n\t\t\t\t\t<\/div>\n\t\t<\/div>\n\t\t\t\t<div class=\"elementor-column elementor-col-25 elementor-top-column elementor-element elementor-element-54ec21b\" data-id=\"54ec21b\" data-element_type=\"column\">\n\t\t\t<div class=\"elementor-widget-wrap elementor-element-populated\">\n\t\t\t\t\t\t<div class=\"elementor-element elementor-element-a3e20ec elementor-widget elementor-widget-image\" data-id=\"a3e20ec\" data-element_type=\"widget\" data-widget_type=\"image.default\">\n\t\t\t\t<div class=\"elementor-widget-container\">\n\t\t\t\t\t\t\t\t\t\t\t\t\t\t\t<picture><source srcset=\"https:\/\/probelle.com.br\/wp-content\/webp-express\/webp-images\/uploads\/2022\/10\/Po-descolorante-Probelle-Novo.png.webp 500w, https:\/\/probelle.com.br\/wp-content\/webp-express\/webp-images\/uploads\/2022\/10\/Po-descolorante-Probelle-Novo-300x240.png.webp 300w\" sizes=\"100vw\" type=\"image\/webp\"><img decoding=\"async\" width=\"500\" height=\"400\" src=\"https:\/\/probelle.com.br\/wp-content\/uploads\/2022\/10\/Po-descolorante-Probelle-Novo.png\" class=\"attachment-large size-large wp-image-16889 webpexpress-processed\" alt=\"\" srcset=\"https:\/\/probelle.com.br\/wp-content\/uploads\/2022\/10\/Po-descolorante-Probelle-Novo.png 500w, https:\/\/probelle.com.br\/wp-content\/uploads\/2022\/10\/Po-descolorante-Probelle-Novo-300x240.png 300w\" sizes=\"100vw\"><\/picture>\t\t\t\t\t\t\t\t\t\t\t\t\t\t\t<\/div>\n\t\t\t\t<\/div>\n\t\t\t\t<div class=\"elementor-element elementor-element-bdd6f69 elementor-widget elementor-widget-heading\" data-id=\"bdd6f69\" data-element_type=\"widget\" data-widget_type=\"heading.default\">\n\t\t\t\t<div class=\"elementor-widget-container\">\n\t\t\t\t\t<h2 class=\"elementor-heading-title elementor-size-default\">P\u00f3 Descolorante<\/h2>\t\t\t\t<\/div>\n\t\t\t\t<\/div>\n\t\t\t\t<div class=\"elementor-element elementor-element-61eafef elementor-widget elementor-widget-text-editor\" data-id=\"61eafef\" data-element_type=\"widget\" data-widget_type=\"text-editor.default\">\n\t\t\t\t<div class=\"elementor-widget-container\">\n\t\t\t\t\t\t\t\t\t<p><span style=\"font-weight: 400;\">P\u00f3 descolorante profissional de alta performance para descolorir, produzir mechas e balaiagem.<\/span><\/p>\t\t\t\t\t\t\t\t<\/div>\n\t\t\t\t<\/div>\n\t\t\t\t<div class=\"elementor-element elementor-element-6369c97 elementor-mobile-align-center elementor-icon-list--layout-traditional elementor-list-item-link-full_width elementor-widget elementor-widget-icon-list\" data-id=\"6369c97\" data-element_type=\"widget\" data-widget_type=\"icon-list.default\">\n\t\t\t\t<div class=\"elementor-widget-container\">\n\t\t\t\t\t\t\t<ul class=\"elementor-icon-list-items\">\n\t\t\t\t\t\t\t<li class=\"elementor-icon-list-item\">\n\t\t\t\t\t\t\t\t\t\t\t<a href=\"https:\/\/probelle.com.br\/po-descolorante\/\">\n\n\t\t\t\t\t\t\t\t\t\t\t\t<span class=\"elementor-icon-list-icon\">\n\t\t\t\t\t\t\t<i aria-hidden=\"true\" class=\"fas fa-chevron-right\"><\/i>\t\t\t\t\t\t<\/span>\n\t\t\t\t\t\t\t\t\t\t<span class=\"elementor-icon-list-text\">Saiba mais<\/span>\n\t\t\t\t\t\t\t\t\t\t\t<\/a>\n\t\t\t\t\t\t\t\t\t<\/li>\n\t\t\t\t\t\t<\/ul>\n\t\t\t\t\t\t<\/div>\n\t\t\t\t<\/div>\n\t\t\t\t\t<\/div>\n\t\t<\/div>\n\t\t\t\t<div class=\"elementor-column elementor-col-25 elementor-top-column elementor-element elementor-element-5fe1f16\" data-id=\"5fe1f16\" data-element_type=\"column\">\n\t\t\t<div class=\"elementor-widget-wrap elementor-element-populated\">\n\t\t\t\t\t\t<div class=\"elementor-element elementor-element-6f035d9 elementor-widget elementor-widget-image\" data-id=\"6f035d9\" data-element_type=\"widget\" data-widget_type=\"image.default\">\n\t\t\t\t<div class=\"elementor-widget-container\">\n\t\t\t\t\t\t\t\t\t\t\t\t\t\t\t<picture><source srcset=\"https:\/\/probelle.com.br\/wp-content\/webp-express\/webp-images\/uploads\/2022\/11\/MASCARA-MATIZADORA.png.webp 500w, https:\/\/probelle.com.br\/wp-content\/webp-express\/webp-images\/uploads\/2022\/11\/MASCARA-MATIZADORA-300x240.png.webp 300w\" sizes=\"100vw\" type=\"image\/webp\"><img decoding=\"async\" width=\"500\" height=\"400\" src=\"https:\/\/probelle.com.br\/wp-content\/uploads\/2022\/11\/MASCARA-MATIZADORA.png\" class=\"attachment-large size-large wp-image-17528 webpexpress-processed\" alt=\"\" srcset=\"https:\/\/probelle.com.br\/wp-content\/uploads\/2022\/11\/MASCARA-MATIZADORA.png 500w, https:\/\/probelle.com.br\/wp-content\/uploads\/2022\/11\/MASCARA-MATIZADORA-300x240.png 300w\" sizes=\"100vw\"><\/picture>\t\t\t\t\t\t\t\t\t\t\t\t\t\t\t<\/div>\n\t\t\t\t<\/div>\n\t\t\t\t<div class=\"elementor-element elementor-element-2a88a63 elementor-widget elementor-widget-heading\" data-id=\"2a88a63\" data-element_type=\"widget\" data-widget_type=\"heading.default\">\n\t\t\t\t<div class=\"elementor-widget-container\">\n\t\t\t\t\t<h2 class=\"elementor-heading-title elementor-size-default\">M\u00e1scara Matizadora<\/h2>\t\t\t\t<\/div>\n\t\t\t\t<\/div>\n\t\t\t\t<div class=\"elementor-element elementor-element-cb2c071 elementor-widget elementor-widget-text-editor\" data-id=\"cb2c071\" data-element_type=\"widget\" data-widget_type=\"text-editor.default\">\n\t\t\t\t<div class=\"elementor-widget-container\">\n\t\t\t\t\t\t\t\t\t<p>Desenvolvido especialmente para eliminar a oxida\u00e7\u00e3o e platinar os cabelos loiros, com mechas ou grisalhos. Al\u00e9m de repor em profundidade os Amino\u00e1cidos e a Queratina.<\/p>\t\t\t\t\t\t\t\t<\/div>\n\t\t\t\t<\/div>\n\t\t\t\t<div class=\"elementor-element elementor-element-3c5f6fb elementor-mobile-align-center elementor-icon-list--layout-traditional elementor-list-item-link-full_width elementor-widget elementor-widget-icon-list\" data-id=\"3c5f6fb\" data-element_type=\"widget\" data-widget_type=\"icon-list.default\">\n\t\t\t\t<div class=\"elementor-widget-container\">\n\t\t\t\t\t\t\t<ul class=\"elementor-icon-list-items\">\n\t\t\t\t\t\t\t<li class=\"elementor-icon-list-item\">\n\t\t\t\t\t\t\t\t\t\t\t<a href=\"https:\/\/probelle.com.br\/mascara-matizadora\/\">\n\n\t\t\t\t\t\t\t\t\t\t\t\t<span class=\"elementor-icon-list-icon\">\n\t\t\t\t\t\t\t<i aria-hidden=\"true\" class=\"fas fa-chevron-right\"><\/i>\t\t\t\t\t\t<\/span>\n\t\t\t\t\t\t\t\t\t\t<span class=\"elementor-icon-list-text\">Saiba mais<\/span>\n\t\t\t\t\t\t\t\t\t\t\t<\/a>\n\t\t\t\t\t\t\t\t\t<\/li>\n\t\t\t\t\t\t<\/ul>\n\t\t\t\t\t\t<\/div>\n\t\t\t\t<\/div>\n\t\t\t\t\t<\/div>\n\t\t<\/div>\n\t\t\t\t<div class=\"elementor-column elementor-col-25 elementor-top-column elementor-element elementor-element-6fa5ad4\" data-id=\"6fa5ad4\" data-element_type=\"column\">\n\t\t\t<div class=\"elementor-widget-wrap elementor-element-populated\">\n\t\t\t\t\t\t<div class=\"elementor-element elementor-element-aebc8b1 elementor-widget elementor-widget-image\" data-id=\"aebc8b1\" data-element_type=\"widget\" data-widget_type=\"image.default\">\n\t\t\t\t<div class=\"elementor-widget-container\">\n\t\t\t\t\t\t\t\t\t\t\t\t\t\t\t<picture><source srcset=\"https:\/\/probelle.com.br\/wp-content\/webp-express\/webp-images\/uploads\/2022\/11\/SHAMPOO-MATIZADOR.png.webp 500w, https:\/\/probelle.com.br\/wp-content\/webp-express\/webp-images\/uploads\/2022\/11\/SHAMPOO-MATIZADOR-300x240.png.webp 300w\" sizes=\"100vw\" type=\"image\/webp\"><img loading=\"lazy\" decoding=\"async\" width=\"500\" height=\"400\" src=\"https:\/\/probelle.com.br\/wp-content\/uploads\/2022\/11\/SHAMPOO-MATIZADOR.png\" class=\"attachment-large size-large wp-image-17531 webpexpress-processed\" alt=\"\" srcset=\"https:\/\/probelle.com.br\/wp-content\/uploads\/2022\/11\/SHAMPOO-MATIZADOR.png 500w, https:\/\/probelle.com.br\/wp-content\/uploads\/2022\/11\/SHAMPOO-MATIZADOR-300x240.png 300w\" sizes=\"100vw\"><\/picture>\t\t\t\t\t\t\t\t\t\t\t\t\t\t\t<\/div>\n\t\t\t\t<\/div>\n\t\t\t\t<div class=\"elementor-element elementor-element-52d80f2 elementor-widget elementor-widget-heading\" data-id=\"52d80f2\" data-element_type=\"widget\" data-widget_type=\"heading.default\">\n\t\t\t\t<div class=\"elementor-widget-container\">\n\t\t\t\t\t<h2 class=\"elementor-heading-title elementor-size-default\">Shampoo Matizador<\/h2>\t\t\t\t<\/div>\n\t\t\t\t<\/div>\n\t\t\t\t<div class=\"elementor-element elementor-element-b90af08 elementor-widget elementor-widget-text-editor\" data-id=\"b90af08\" data-element_type=\"widget\" data-widget_type=\"text-editor.default\">\n\t\t\t\t<div class=\"elementor-widget-container\">\n\t\t\t\t\t\t\t\t\t<p>Desenvolvido especialmente para eliminar a oxida\u00e7\u00e3o e platinar os cabelos loiros, com mechas ou grisalhos. Al\u00e9m de repor em profundidade os Amino\u00e1cidos e a Queratina.<\/p>\t\t\t\t\t\t\t\t<\/div>\n\t\t\t\t<\/div>\n\t\t\t\t<div class=\"elementor-element elementor-element-3c888da elementor-mobile-align-center elementor-icon-list--layout-traditional elementor-list-item-link-full_width elementor-widget elementor-widget-icon-list\" data-id=\"3c888da\" data-element_type=\"widget\" data-widget_type=\"icon-list.default\">\n\t\t\t\t<div class=\"elementor-widget-container\">\n\t\t\t\t\t\t\t<ul class=\"elementor-icon-list-items\">\n\t\t\t\t\t\t\t<li class=\"elementor-icon-list-item\">\n\t\t\t\t\t\t\t\t\t\t\t<a href=\"https:\/\/probelle.com.br\/shampoo-matizador\/\">\n\n\t\t\t\t\t\t\t\t\t\t\t\t<span class=\"elementor-icon-list-icon\">\n\t\t\t\t\t\t\t<i aria-hidden=\"true\" class=\"fas fa-chevron-right\"><\/i>\t\t\t\t\t\t<\/span>\n\t\t\t\t\t\t\t\t\t\t<span class=\"elementor-icon-list-text\">Saiba mais<\/span>\n\t\t\t\t\t\t\t\t\t\t\t<\/a>\n\t\t\t\t\t\t\t\t\t<\/li>\n\t\t\t\t\t\t<\/ul>\n\t\t\t\t\t\t<\/div>\n\t\t\t\t<\/div>\n\t\t\t\t\t<\/div>\n\t\t<\/div>\n\t\t\t\t\t<\/div>\n\t\t<\/section>\n\t\t\t\t<\/div>\n\t\t","protected":false},"excerpt":{"rendered":"<p>Loiros Loiros saud\u00e1veis, com brilho e movimento natural. \u00c1gua Oxigenada Clareamento uniforme sem manchas, f\u00f3rmula com textura cremosa de f\u00e1cil aplica\u00e7\u00e3o.\u00a0 Saiba mais P\u00f3 Descolorante P\u00f3 descolorante profissional de alta performance para descolorir, produzir mechas e balaiagem. Saiba mais M\u00e1scara Matizadora Desenvolvido especialmente para eliminar a oxida\u00e7\u00e3o e platinar os cabelos loiros, com mechas ou &hellip; <\/p>\n<p class=\"link-more\"><a href=\"https:\/\/probelle.com.br\/en\/products\/loiros\/\" class=\"more-link\">Continue reading<span class=\"screen-reader-text\"> &#8220;Loiros&#8221;<\/span><\/a><\/p>\n","protected":false},"author":3,"featured_media":0,"parent":28139,"menu_order":0,"comment_status":"closed","ping_status":"closed","template":"elementor_header_footer","meta":{"_joinchat":[],"footnotes":""},"class_list":["post-20982","page","type-page","status-publish","hentry"],"yoast_head":"<!-- This site is optimized with the Yoast SEO Premium plugin v23.5 (Yoast SEO v26.5) - https:\/\/yoast.com\/wordpress\/plugins\/seo\/ -->\n<title>Loiros ~ Probelle Cosm\u00e9ticos<\/title>\n<meta name=\"robots\" content=\"index, follow, max-snippet:-1, max-image-preview:large, max-video-preview:-1\" \/>\n<link rel=\"canonical\" href=\"https:\/\/probelle.com.br\/en\/products\/loiros\/\" \/>\n<meta property=\"og:locale\" content=\"en_US\" \/>\n<meta property=\"og:type\" content=\"article\" \/>\n<meta property=\"og:title\" content=\"Loiros\" \/>\n<meta property=\"og:description\" content=\"Loiros Loiros saud\u00e1veis, com brilho e movimento natural. \u00c1gua Oxigenada Clareamento uniforme sem manchas, f\u00f3rmula com textura cremosa de f\u00e1cil aplica\u00e7\u00e3o.\u00a0 Saiba mais P\u00f3 Descolorante P\u00f3 descolorante profissional de alta performance para descolorir, produzir mechas e balaiagem. Saiba mais M\u00e1scara Matizadora Desenvolvido especialmente para eliminar a oxida\u00e7\u00e3o e platinar os cabelos loiros, com mechas ou &hellip; Continue reading &quot;Loiros&quot;\" \/>\n<meta property=\"og:url\" content=\"https:\/\/probelle.com.br\/en\/products\/loiros\/\" \/>\n<meta property=\"og:site_name\" content=\"Probelle Cosm\u00e9ticos\" \/>\n<meta property=\"article:publisher\" content=\"https:\/\/www.facebook.com\/probelle\/\" \/>\n<meta property=\"article:modified_time\" content=\"2024-07-19T17:58:13+00:00\" \/>\n<meta property=\"og:image\" content=\"https:\/\/probelle.com.br\/wp-content\/uploads\/2022\/10\/Agua-Oxigenada-Probelle-Novo.png\" \/>\n<meta name=\"twitter:card\" content=\"summary_large_image\" \/>\n<meta name=\"twitter:label1\" content=\"Est. reading time\" \/>\n\t<meta name=\"twitter:data1\" content=\"2 minutes\" \/>\n<script type=\"application\/ld+json\" class=\"yoast-schema-graph\">{\"@context\":\"https:\/\/schema.org\",\"@graph\":[{\"@type\":\"WebPage\",\"@id\":\"https:\/\/probelle.com.br\/en\/products\/loiros\/\",\"url\":\"https:\/\/probelle.com.br\/en\/products\/loiros\/\",\"name\":\"Loiros ~ Probelle Cosm\u00e9ticos\",\"isPartOf\":{\"@id\":\"https:\/\/probelle.com.br\/en\/#website\"},\"primaryImageOfPage\":{\"@id\":\"https:\/\/probelle.com.br\/en\/products\/loiros\/#primaryimage\"},\"image\":{\"@id\":\"https:\/\/probelle.com.br\/en\/products\/loiros\/#primaryimage\"},\"thumbnailUrl\":\"https:\/\/probelle.com.br\/wp-content\/uploads\/2022\/10\/Agua-Oxigenada-Probelle-Novo.png\",\"datePublished\":\"2022-10-13T13:00:12+00:00\",\"dateModified\":\"2024-07-19T17:58:13+00:00\",\"breadcrumb\":{\"@id\":\"https:\/\/probelle.com.br\/en\/products\/loiros\/#breadcrumb\"},\"inLanguage\":\"en-US\",\"potentialAction\":[{\"@type\":\"ReadAction\",\"target\":[\"https:\/\/probelle.com.br\/en\/products\/loiros\/\"]}]},{\"@type\":\"ImageObject\",\"inLanguage\":\"en-US\",\"@id\":\"https:\/\/probelle.com.br\/en\/products\/loiros\/#primaryimage\",\"url\":\"https:\/\/probelle.com.br\/wp-content\/uploads\/2022\/10\/Agua-Oxigenada-Probelle-Novo.png\",\"contentUrl\":\"https:\/\/probelle.com.br\/wp-content\/uploads\/2022\/10\/Agua-Oxigenada-Probelle-Novo.png\"},{\"@type\":\"BreadcrumbList\",\"@id\":\"https:\/\/probelle.com.br\/en\/products\/loiros\/#breadcrumb\",\"itemListElement\":[{\"@type\":\"ListItem\",\"position\":1,\"name\":\"Home\",\"item\":\"https:\/\/probelle.com.br\/en\/\"},{\"@type\":\"ListItem\",\"position\":2,\"name\":\"Produtos\",\"item\":\"https:\/\/probelle.com.br\/en\/products\/\"},{\"@type\":\"ListItem\",\"position\":3,\"name\":\"Loiros\"}]},{\"@type\":\"WebSite\",\"@id\":\"https:\/\/probelle.com.br\/en\/#website\",\"url\":\"https:\/\/probelle.com.br\/en\/\",\"name\":\"Probelle Cosm\u00e9ticos\",\"description\":\"Todo mundo tem em casa.\",\"publisher\":{\"@id\":\"https:\/\/probelle.com.br\/en\/#organization\"},\"potentialAction\":[{\"@type\":\"SearchAction\",\"target\":{\"@type\":\"EntryPoint\",\"urlTemplate\":\"https:\/\/probelle.com.br\/en\/?s={search_term_string}\"},\"query-input\":{\"@type\":\"PropertyValueSpecification\",\"valueRequired\":true,\"valueName\":\"search_term_string\"}}],\"inLanguage\":\"en-US\"},{\"@type\":\"Organization\",\"@id\":\"https:\/\/probelle.com.br\/en\/#organization\",\"name\":\"Probelle Cosm\u00e9ticos\",\"url\":\"https:\/\/probelle.com.br\/en\/\",\"logo\":{\"@type\":\"ImageObject\",\"inLanguage\":\"en-US\",\"@id\":\"https:\/\/probelle.com.br\/en\/#\/schema\/logo\/image\/\",\"url\":\"https:\/\/probelle.com.br\/wp-content\/uploads\/2022\/08\/Para-o-sitee.jpg\",\"contentUrl\":\"https:\/\/probelle.com.br\/wp-content\/uploads\/2022\/08\/Para-o-sitee.jpg\",\"width\":1000,\"height\":750,\"caption\":\"Probelle Cosm\u00e9ticos\"},\"image\":{\"@id\":\"https:\/\/probelle.com.br\/en\/#\/schema\/logo\/image\/\"},\"sameAs\":[\"https:\/\/www.facebook.com\/probelle\/\",\"https:\/\/www.instagram.com\/probellecosmeticos\/\",\"https:\/\/www.youtube.com\/c\/ProbelleCosm\u00e9ticos\/\",\"https:\/\/br.linkedin.com\/company\/probellecosmeticos\",\"https:\/\/br.pinterest.com\/probellecosmeticos\/\"]}]}<\/script>\n<!-- \/ Yoast SEO Premium plugin. -->","yoast_head_json":{"title":"Loiros ~ Probelle Cosm\u00e9ticos","robots":{"index":"index","follow":"follow","max-snippet":"max-snippet:-1","max-image-preview":"max-image-preview:large","max-video-preview":"max-video-preview:-1"},"canonical":"https:\/\/probelle.com.br\/en\/products\/loiros\/","og_locale":"en_US","og_type":"article","og_title":"Loiros","og_description":"Loiros Loiros saud\u00e1veis, com brilho e movimento natural. \u00c1gua Oxigenada Clareamento uniforme sem manchas, f\u00f3rmula com textura cremosa de f\u00e1cil aplica\u00e7\u00e3o.\u00a0 Saiba mais P\u00f3 Descolorante P\u00f3 descolorante profissional de alta performance para descolorir, produzir mechas e balaiagem. Saiba mais M\u00e1scara Matizadora Desenvolvido especialmente para eliminar a oxida\u00e7\u00e3o e platinar os cabelos loiros, com mechas ou &hellip; Continue reading \"Loiros\"","og_url":"https:\/\/probelle.com.br\/en\/products\/loiros\/","og_site_name":"Probelle Cosm\u00e9ticos","article_publisher":"https:\/\/www.facebook.com\/probelle\/","article_modified_time":"2024-07-19T17:58:13+00:00","og_image":[{"url":"https:\/\/probelle.com.br\/wp-content\/uploads\/2022\/10\/Agua-Oxigenada-Probelle-Novo.png","type":"","width":"","height":""}],"twitter_card":"summary_large_image","twitter_misc":{"Est. reading time":"2 minutes"},"schema":{"@context":"https:\/\/schema.org","@graph":[{"@type":"WebPage","@id":"https:\/\/probelle.com.br\/en\/products\/loiros\/","url":"https:\/\/probelle.com.br\/en\/products\/loiros\/","name":"Loiros ~ Probelle Cosm\u00e9ticos","isPartOf":{"@id":"https:\/\/probelle.com.br\/en\/#website"},"primaryImageOfPage":{"@id":"https:\/\/probelle.com.br\/en\/products\/loiros\/#primaryimage"},"image":{"@id":"https:\/\/probelle.com.br\/en\/products\/loiros\/#primaryimage"},"thumbnailUrl":"https:\/\/probelle.com.br\/wp-content\/uploads\/2022\/10\/Agua-Oxigenada-Probelle-Novo.png","datePublished":"2022-10-13T13:00:12+00:00","dateModified":"2024-07-19T17:58:13+00:00","breadcrumb":{"@id":"https:\/\/probelle.com.br\/en\/products\/loiros\/#breadcrumb"},"inLanguage":"en-US","potentialAction":[{"@type":"ReadAction","target":["https:\/\/probelle.com.br\/en\/products\/loiros\/"]}]},{"@type":"ImageObject","inLanguage":"en-US","@id":"https:\/\/probelle.com.br\/en\/products\/loiros\/#primaryimage","url":"https:\/\/probelle.com.br\/wp-content\/uploads\/2022\/10\/Agua-Oxigenada-Probelle-Novo.png","contentUrl":"https:\/\/probelle.com.br\/wp-content\/uploads\/2022\/10\/Agua-Oxigenada-Probelle-Novo.png"},{"@type":"BreadcrumbList","@id":"https:\/\/probelle.com.br\/en\/products\/loiros\/#breadcrumb","itemListElement":[{"@type":"ListItem","position":1,"name":"Home","item":"https:\/\/probelle.com.br\/en\/"},{"@type":"ListItem","position":2,"name":"Produtos","item":"https:\/\/probelle.com.br\/en\/products\/"},{"@type":"ListItem","position":3,"name":"Loiros"}]},{"@type":"WebSite","@id":"https:\/\/probelle.com.br\/en\/#website","url":"https:\/\/probelle.com.br\/en\/","name":"Probelle Cosm\u00e9ticos","description":"Todo mundo tem em casa.","publisher":{"@id":"https:\/\/probelle.com.br\/en\/#organization"},"potentialAction":[{"@type":"SearchAction","target":{"@type":"EntryPoint","urlTemplate":"https:\/\/probelle.com.br\/en\/?s={search_term_string}"},"query-input":{"@type":"PropertyValueSpecification","valueRequired":true,"valueName":"search_term_string"}}],"inLanguage":"en-US"},{"@type":"Organization","@id":"https:\/\/probelle.com.br\/en\/#organization","name":"Probelle Cosm\u00e9ticos","url":"https:\/\/probelle.com.br\/en\/","logo":{"@type":"ImageObject","inLanguage":"en-US","@id":"https:\/\/probelle.com.br\/en\/#\/schema\/logo\/image\/","url":"https:\/\/probelle.com.br\/wp-content\/uploads\/2022\/08\/Para-o-sitee.jpg","contentUrl":"https:\/\/probelle.com.br\/wp-content\/uploads\/2022\/08\/Para-o-sitee.jpg","width":1000,"height":750,"caption":"Probelle Cosm\u00e9ticos"},"image":{"@id":"https:\/\/probelle.com.br\/en\/#\/schema\/logo\/image\/"},"sameAs":["https:\/\/www.facebook.com\/probelle\/","https:\/\/www.instagram.com\/probellecosmeticos\/","https:\/\/www.youtube.com\/c\/ProbelleCosm\u00e9ticos\/","https:\/\/br.linkedin.com\/company\/probellecosmeticos","https:\/\/br.pinterest.com\/probellecosmeticos\/"]}]}},"_links":{"self":[{"href":"https:\/\/probelle.com.br\/en\/wp-json\/wp\/v2\/pages\/20982","targetHints":{"allow":["GET"]}}],"collection":[{"href":"https:\/\/probelle.com.br\/en\/wp-json\/wp\/v2\/pages"}],"about":[{"href":"https:\/\/probelle.com.br\/en\/wp-json\/wp\/v2\/types\/page"}],"author":[{"embeddable":true,"href":"https:\/\/probelle.com.br\/en\/wp-json\/wp\/v2\/users\/3"}],"replies":[{"embeddable":true,"href":"https:\/\/probelle.com.br\/en\/wp-json\/wp\/v2\/comments?post=20982"}],"version-history":[{"count":10,"href":"https:\/\/probelle.com.br\/en\/wp-json\/wp\/v2\/pages\/20982\/revisions"}],"predecessor-version":[{"id":28198,"href":"https:\/\/probelle.com.br\/en\/wp-json\/wp\/v2\/pages\/20982\/revisions\/28198"}],"up":[{"embeddable":true,"href":"https:\/\/probelle.com.br\/en\/wp-json\/wp\/v2\/pages\/28139"}],"wp:attachment":[{"href":"https:\/\/probelle.com.br\/en\/wp-json\/wp\/v2\/media?parent=20982"}],"curies":[{"name":"wp","href":"https:\/\/api.w.org\/{rel}","templated":true}]}}